{"id":10048,"date":"2025-07-09T07:49:48","date_gmt":"2025-07-09T07:49:48","guid":{"rendered":"https:\/\/www.adiestradorcanino.com\/webdelperro\/barcelona\/sant-cugat-del-valles\/adiestramiento-canino-urbedog-adiestramiento-canino-en-sant-cugat-del-valles-barcelona\/"},"modified":"2025-07-09T07:49:48","modified_gmt":"2025-07-09T07:49:48","slug":"adiestramiento-canino-urbedog-adiestramiento-canino-en-sant-cugat-del-valles-barcelona","status":"publish","type":"page","link":"https:\/\/www.adiestradorcanino.com\/webdelperro\/barcelona\/sant-cugat-del-valles\/adiestramiento-canino-urbedog-adiestramiento-canino-en-sant-cugat-del-valles-barcelona\/","title":{"rendered":"Adiestramiento canino Urbedog Adiestramiento Canino en Sant Cugat Del Vall\u00e8s, Barcelona"},"content":{"rendered":"\n<p>Si est\u00e1s en la b\u00fasqueda de un espacio confiable id\u00f3neo para adiestramiento de perros en el \u00e1rea de Sant Cugat Del Vall\u00e8s,  Urbedog Adiestramiento Canino es una opci\u00f3n destacada. Este lugar trabaja en el entrenamiento de perros de cualquier edad y raza, siempre m\u00e9todos \u00e9ticos y \u00fatiles.<\/p>\n\n\n\n<h2 class=\"wp-block-heading has-text-align-left nombreclinica\">Urbedog Adiestramiento Canino<\/h2>\n\n\n\n<div class=\"wp-block-group is-layout-constrained wp-block-group-is-layout-constrained\">\n<div class=\"wp-block-columns nc-clase-ficha is-layout-flex wp-container-core-columns-is-layout-9d6595d7 wp-block-columns-is-layout-flex\">\n<div class=\"wp-block-column is-vertically-aligned-center is-layout-flow wp-block-column-is-layout-flow\">\n<figure class=\"wp-block-image size-full\"><img decoding=\"async\" src=\"https:\/\/www.adiestradorcanino.com\/webdelperro\/wp-content\/uploads\/2025\/07\/Urbedog-Adiestramiento-Canino.jpg\" alt=\"Urbedog Adiestramiento Canino\" class=\"wp-image-19766\"\/><\/figure>\n\n\n\n<p>Dentro de los servicios m\u00e1s solicitados se encuentran los cursos de obediencia b\u00e1sica, la modificaci\u00f3n de comportamientos no deseados, la socializaci\u00f3n con otros animales y las clases espec\u00edficas para cachorros. Asimismo, en nombre se adaptan a las necesidades espec\u00edficas de cada hogar y su animal.<\/p>\n<\/div>\n\n\n\n<div class=\"wp-block-column is-vertically-aligned-center is-layout-flow wp-block-column-is-layout-flow\">\n<div class=\"su-service\"><div class=\"su-service-title\" style=\"padding-left:46px;min-height:32px;line-height:32px\"><i class=\"sui sui-user\" style=\"font-size:32px;color:#2471a3\"><\/i> <strong>Nombre<\/strong><\/div><div class=\"su-service-content su-u-clearfix su-u-trim\" style=\"padding-left:46px\">Urbedog Adiestramiento Canino<\/div><\/div>\n\n\n\n<div class=\"su-service\"><div class=\"su-service-title\" style=\"padding-left:46px;min-height:32px;line-height:32px\"><i class=\"sui sui-map-marker\" style=\"font-size:32px;color:#2471a3\"><\/i> <strong>Direcci\u00f3n<\/strong><\/div><div class=\"su-service-content su-u-clearfix su-u-trim\" style=\"padding-left:46px\">Carrer Brollador, 6, 08197 Sant Cugat del Vall\u00e8s, Barcelona<\/div><\/div>\n\n\n\n<div class=\"su-service\"><div class=\"su-service-title\" style=\"padding-left:46px;min-height:32px;line-height:32px\"><i class=\"sui sui-volume-control-phone\" style=\"font-size:32px;color:#2471a3\"><\/i> <strong>Tel\u00e9fono<\/strong><\/div><div class=\"su-service-content su-u-clearfix su-u-trim\" style=\"padding-left:46px\">626 08 73 20<\/div><\/div>\n\n\n\n<div class=\"su-service\"><div class=\"su-service-title\" style=\"padding-left:46px;min-height:32px;line-height:32px\"><i class=\"sui sui-globe\" style=\"font-size:32px;color:#2471a3\"><\/i> <strong>Sitio web<\/strong><\/div><div class=\"su-service-content su-u-clearfix su-u-trim\" style=\"padding-left:46px\">http:\/\/urbedog.com\/<\/div><\/div>\n\n\n\n<div class=\"su-service\"><div class=\"su-service-title\" style=\"padding-left:46px;min-height:32px;line-height:32px\"><i class=\"sui sui-star\" style=\"font-size:32px;color:#2471a3\"><\/i> Valoraci\u00f3n de los clientes<\/div><div class=\"su-service-content su-u-clearfix su-u-trim\" style=\"padding-left:46px\">5 \/ 5 (11)<\/div><\/div>\n<\/div>\n<\/div>\n<\/div>\n\n\n\n<div class=\"wp-block-columns is-layout-flex wp-container-core-columns-is-layout-9d6595d7 wp-block-columns-is-layout-flex\">\n<div class=\"wp-block-column mapa2 is-layout-flow wp-block-column-is-layout-flow\">\n<h2 class=\"wp-block-heading\">Ubicaci\u00f3n de Urbedog Adiestramiento Canino<\/h2>\n\n\n\n<div class=\"su-gmap su-u-responsive-media-yes mapa\"><iframe loading=\"lazy\" width=\"600\" height=\"280\" src=\"\/\/maps.google.com\/maps?q=Urbedog%20Adiestramiento%20Canino%2C%20Carrer%20Brollador%2C%206%2C%2008197%20Sant%20Cugat%20del%20Vall%C3%A8s%2C%20Barcelona&amp;output=embed&amp;z=20\" title=\"\"><\/iframe><\/div>\n\n\n\n<h2 class=\"wp-block-heading\">Horarios de Urbedog Adiestramiento Canino<\/h2>\n\n\n\n<figure class=\"wp-block-table\"><table><tbody><tr><td><strong>Lunes<\/strong><\/td><td>lunes: 9:00\u201320:00<\/td><\/tr><tr><td><strong>Martes<\/strong><\/td><td>martes: 9:00\u201320:00<\/td><\/tr><tr><td><strong>Mi\u00e9rcoles<\/strong><\/td><td>mi\u00e9rcoles: 9:00\u201320:00<\/td><\/tr><tr><td><strong>Jueves<\/strong><\/td><td>jueves: 9:00\u201320:00<\/td><\/tr><tr><td><strong>Viernes<\/strong><\/td><td>viernes: 9:00\u201320:00<\/td><\/tr><tr><td><strong>S\u00e1bado<\/strong><\/td><td>s\u00e1bado: 9:00\u201314:00<\/td><\/tr><tr><td><strong>Domingo<\/strong><\/td><td>domingo: Cerrado<\/td><\/tr><\/tbody><\/table><\/figure>\n\n\n\n<h2 class=\"wp-block-heading\">Tel\u00e9fono de Urbedog Adiestramiento Canino<\/h2>\n\n\n\n<p>Si quieres comunicarte con <strong>Urbedog Adiestramiento Canino<\/strong>, puedes hacerlo directamente llamando al siguiente n\u00famero:<\/p>\n\n\n\n<div class=\"wp-block-buttons is-content-justification-center is-layout-flex wp-container-core-buttons-is-layout-16018d1d wp-block-buttons-is-layout-flex\">\n<div class=\"wp-block-button is-style-fill\"><a class=\"wp-block-button__link has-background has-medium-font-size has-custom-font-size wp-element-button\" href=\"tel:626 08 73 20\" style=\"border-radius:6px;background-color:#2471a3\">Llamar ahora<\/a><\/div>\n<\/div>\n\n\n\n<h2 class=\"wp-block-heading\">M\u00e1s informaci\u00f3n<\/h2>\n\n\n\n<p>En Urbedog Adiestramiento Canino, situado en Carrer Brollador, 6, 08197 Sant Cugat del Vall\u00e8s, Barcelona, ofrecemos un enfoque integral y personalizado para el adiestramiento de perros en Sant Cugat del Vall\u00e8s. Nuestro equipo de adiestradores de perros en Barcelona se especializa en t\u00e9cnicas de obediencia, socializaci\u00f3n y modificaci\u00f3n de conducta, garantizando que tu mascota aprenda de forma positiva y divertida. Nos destacamos por nuestra metodolog\u00eda basada en el refuerzo positivo, lo que no solo promueve un ambiente de aprendizaje agradable, sino que tambi\u00e9n fortalece el v\u00ednculo entre el due\u00f1o y su perro. Si buscas un servicio de calidad para adiestrar perros, Urbedog es tu mejor opci\u00f3n en la provincia de Barcelona, donde cada sesi\u00f3n est\u00e1 dise\u00f1ada para adaptarse a las necesidades espec\u00edficas de tu compa\u00f1ero canino.<\/p>\n\n\n\n<p>Situado en Carrer Brollador, 6, 08197 Sant Cugat del Vall\u00e8s, Barcelona, este centro de adiestramiento canino en Sant Cugat Del Vall\u00e8s se considera reconocido por su atenci\u00f3n personal, seriedad y logros evidentes. Revisa las valoraciones de otros due\u00f1os de mascotas para entender su experiencia.<\/p>\n<\/div>\n<\/div>\n\n\n\n<p><\/p>\n\n\n\n<p>Si necesitas conocer otros (PONER NEGOCIO, ej: asesor\u00eda legal, decoraci\u00f3n de eventos, instalaciones el\u00e9ctricas) puedes <strong><a href=\"\/\">visitar nuestra p\u00e1gina principal<\/a><\/strong>.<\/p>\n","protected":false},"excerpt":{"rendered":"<p>Si est\u00e1s en la b\u00fasqueda de un espacio confiable id\u00f3neo para adiestramiento de perros en el \u00e1rea de Sant Cugat Del Vall\u00e8s, Urbedog Adiestramiento Canino es una opci\u00f3n destacada. Este lugar trabaja en el entrenamiento de perros de cualquier edad y raza, siempre m\u00e9todos \u00e9ticos y \u00fatiles. Urbedog Adiestramiento Canino Dentro de los servicios m\u00e1s [&hellip;]<\/p>\n","protected":false},"author":2,"featured_media":0,"parent":7832,"menu_order":0,"comment_status":"closed","ping_status":"closed","template":"","meta":{"_et_pb_use_builder":"","_et_pb_old_content":"","_et_gb_content_width":"","footnotes":""},"tags":[1063],"class_list":["post-10048","page","type-page","status-publish","hentry","tag-sant-cugat-del-valles"],"_links":{"self":[{"href":"https:\/\/www.adiestradorcanino.com\/webdelperro\/wp-json\/wp\/v2\/pages\/10048","targetHints":{"allow":["GET"]}}],"collection":[{"href":"https:\/\/www.adiestradorcanino.com\/webdelperro\/wp-json\/wp\/v2\/pages"}],"about":[{"href":"https:\/\/www.adiestradorcanino.com\/webdelperro\/wp-json\/wp\/v2\/types\/page"}],"author":[{"embeddable":true,"href":"https:\/\/www.adiestradorcanino.com\/webdelperro\/wp-json\/wp\/v2\/users\/2"}],"replies":[{"embeddable":true,"href":"https:\/\/www.adiestradorcanino.com\/webdelperro\/wp-json\/wp\/v2\/comments?post=10048"}],"version-history":[{"count":0,"href":"https:\/\/www.adiestradorcanino.com\/webdelperro\/wp-json\/wp\/v2\/pages\/10048\/revisions"}],"up":[{"embeddable":true,"href":"https:\/\/www.adiestradorcanino.com\/webdelperro\/wp-json\/wp\/v2\/pages\/7832"}],"wp:attachment":[{"href":"https:\/\/www.adiestradorcanino.com\/webdelperro\/wp-json\/wp\/v2\/media?parent=10048"}],"wp:term":[{"taxonomy":"post_tag","embeddable":true,"href":"https:\/\/www.adiestradorcanino.com\/webdelperro\/wp-json\/wp\/v2\/tags?post=10048"}],"curies":[{"name":"wp","href":"https:\/\/api.w.org\/{rel}","templated":true}]}}