{"id":10040,"date":"2025-07-09T07:48:57","date_gmt":"2025-07-09T07:48:57","guid":{"rendered":"https:\/\/www.adiestradorcanino.com\/webdelperro\/barcelona\/barcelona\/adiestramiento-canino-holistik9_bcn-en-barcelona-barcelona\/"},"modified":"2025-07-09T07:48:57","modified_gmt":"2025-07-09T07:48:57","slug":"adiestramiento-canino-holistik9_bcn-en-barcelona-barcelona","status":"publish","type":"page","link":"https:\/\/www.adiestradorcanino.com\/webdelperro\/barcelona\/barcelona\/adiestramiento-canino-holistik9_bcn-en-barcelona-barcelona\/","title":{"rendered":"Adiestramiento canino Holistik9_bcn en Barcelona, Barcelona"},"content":{"rendered":"\n<p>En caso de que te encuentras en la b\u00fasqueda un espacio seguro id\u00f3neo para entrenamiento canino en el \u00e1rea de Barcelona, este centro se presenta como una opci\u00f3n destacada. Este lugar se especializa en el manejo de canes de todas las edades y razas, siempre utilizando m\u00e9todos \u00e9ticos y tambi\u00e9n efectivos.<\/p>\n\n\n\n<h2 class=\"wp-block-heading has-text-align-left nombreclinica\">Holistik9_bcn<\/h2>\n\n\n\n<div class=\"wp-block-group is-layout-constrained wp-block-group-is-layout-constrained\">\n<div class=\"wp-block-columns nc-clase-ficha is-layout-flex wp-container-core-columns-is-layout-9d6595d7 wp-block-columns-is-layout-flex\">\n<div class=\"wp-block-column is-vertically-aligned-center is-layout-flow wp-block-column-is-layout-flow\">\n<figure class=\"wp-block-image size-full\"><img decoding=\"async\" src=\"https:\/\/www.adiestradorcanino.com\/webdelperro\/wp-content\/uploads\/2025\/07\/Holistik9_bcn.png\" alt=\"Holistik9_bcn\" class=\"wp-image-19766\"\/><\/figure>\n\n\n\n<p>Entre los tratamientos m\u00e1s demandados est\u00e1n los obediencia b\u00e1sica, la correcci\u00f3n de conductas no deseadas, la socializaci\u00f3n con otros perros y las clases espec\u00edficas para cachorros. Adem\u00e1s, en el centro se adaptan a las necesidades espec\u00edficas de cada familia y animal.<\/p>\n<\/div>\n\n\n\n<div class=\"wp-block-column is-vertically-aligned-center is-layout-flow wp-block-column-is-layout-flow\">\n<div class=\"su-service\"><div class=\"su-service-title\" style=\"padding-left:46px;min-height:32px;line-height:32px\"><i class=\"sui sui-user\" style=\"font-size:32px;color:#2471a3\"><\/i> <strong>Nombre<\/strong><\/div><div class=\"su-service-content su-u-clearfix su-u-trim\" style=\"padding-left:46px\">Holistik9_bcn<\/div><\/div>\n\n\n\n<div class=\"su-service\"><div class=\"su-service-title\" style=\"padding-left:46px;min-height:32px;line-height:32px\"><i class=\"sui sui-map-marker\" style=\"font-size:32px;color:#2471a3\"><\/i> <strong>Direcci\u00f3n<\/strong><\/div><div class=\"su-service-content su-u-clearfix su-u-trim\" style=\"padding-left:46px\">\u301208005 Barcelona, Sant Mart\u00ed, \u30d0\u30c0\u30b8\u30e7\u30b9\u901a\u308a 88<\/div><\/div>\n\n\n\n<div class=\"su-service\"><div class=\"su-service-title\" style=\"padding-left:46px;min-height:32px;line-height:32px\"><i class=\"sui sui-volume-control-phone\" style=\"font-size:32px;color:#2471a3\"><\/i> <strong>Tel\u00e9fono<\/strong><\/div><div class=\"su-service-content su-u-clearfix su-u-trim\" style=\"padding-left:46px\">620 36 50 48<\/div><\/div>\n\n\n\n<div class=\"su-service\"><div class=\"su-service-title\" style=\"padding-left:46px;min-height:32px;line-height:32px\"><i class=\"sui sui-globe\" style=\"font-size:32px;color:#2471a3\"><\/i> <strong>Sitio web<\/strong><\/div><div class=\"su-service-content su-u-clearfix su-u-trim\" style=\"padding-left:46px\">https:\/\/www.instagram.com\/holistik9_bcn\/<\/div><\/div>\n\n\n\n<div class=\"su-service\"><div class=\"su-service-title\" style=\"padding-left:46px;min-height:32px;line-height:32px\"><i class=\"sui sui-star\" style=\"font-size:32px;color:#2471a3\"><\/i> Valoraci\u00f3n de los clientes<\/div><div class=\"su-service-content su-u-clearfix su-u-trim\" style=\"padding-left:46px\">4.8 \/ 5 (25)<\/div><\/div>\n<\/div>\n<\/div>\n<\/div>\n\n\n\n<div class=\"wp-block-columns is-layout-flex wp-container-core-columns-is-layout-9d6595d7 wp-block-columns-is-layout-flex\">\n<div class=\"wp-block-column mapa2 is-layout-flow wp-block-column-is-layout-flow\">\n<h2 class=\"wp-block-heading\">Ubicaci\u00f3n de Holistik9_bcn<\/h2>\n\n\n\n<div class=\"su-gmap su-u-responsive-media-yes mapa\"><iframe loading=\"lazy\" width=\"600\" height=\"280\" src=\"\/\/maps.google.com\/maps?q=Holistik9_bcn%2C%20%E3%80%9208005%20Barcelona%2C%20Sant%20Mart%C3%AD%2C%20%E3%83%90%E3%83%80%E3%82%B8%E3%83%A7%E3%82%B9%E9%80%9A%E3%82%8A%2088&amp;output=embed&amp;z=20\" title=\"\"><\/iframe><\/div>\n\n\n\n<h2 class=\"wp-block-heading\">Horarios de Holistik9_bcn<\/h2>\n\n\n\n<figure class=\"wp-block-table\"><table><tbody><tr><td><strong>Lunes<\/strong><\/td><td>lunes: 9:00\u201321:00<\/td><\/tr><tr><td><strong>Martes<\/strong><\/td><td>martes: 9:00\u201321:00<\/td><\/tr><tr><td><strong>Mi\u00e9rcoles<\/strong><\/td><td>mi\u00e9rcoles: 9:00\u201321:00<\/td><\/tr><tr><td><strong>Jueves<\/strong><\/td><td>jueves: 9:00\u201321:00<\/td><\/tr><tr><td><strong>Viernes<\/strong><\/td><td>viernes: 9:00\u201321:00<\/td><\/tr><tr><td><strong>S\u00e1bado<\/strong><\/td><td>s\u00e1bado: 9:00\u201321:00<\/td><\/tr><tr><td><strong>Domingo<\/strong><\/td><td>domingo: 11:00\u201320:00<\/td><\/tr><\/tbody><\/table><\/figure>\n\n\n\n<h2 class=\"wp-block-heading\">Tel\u00e9fono de Holistik9_bcn<\/h2>\n\n\n\n<p>Si quieres comunicarte con <strong>Holistik9_bcn<\/strong>, puedes hacerlo directamente llamando al siguiente n\u00famero:<\/p>\n\n\n\n<div class=\"wp-block-buttons is-content-justification-center is-layout-flex wp-container-core-buttons-is-layout-16018d1d wp-block-buttons-is-layout-flex\">\n<div class=\"wp-block-button is-style-fill\"><a class=\"wp-block-button__link has-background has-medium-font-size has-custom-font-size wp-element-button\" href=\"tel:620 36 50 48\" style=\"border-radius:6px;background-color:#2471a3\">Llamar ahora<\/a><\/div>\n<\/div>\n\n\n\n<h2 class=\"wp-block-heading\">M\u00e1s informaci\u00f3n<\/h2>\n\n\n\n<p>En el coraz\u00f3n de Sant Mart\u00ed, en Barcelona, se encuentra Holistik9_bcn, un centro de adiestramiento canino reconocido por su enfoque integral y personalizado para educar a los perros. Ofrecemos una amplia gama de servicios que incluyen obediencia b\u00e1sica y avanzada, socializaci\u00f3n, modificaci\u00f3n de conducta y entrenamiento especializado para resolver problemas espec\u00edficos. Nuestros adiestradores de perros en Barcelona utilizan m\u00e9todos positivos y basados en el respeto, garantizando un aprendizaje efectivo y una relaci\u00f3n armoniosa entre el due\u00f1o y su mascota. Lo que distingue a Holistik9_bcn de otros centros de adiestramiento canino en Barcelona es nuestro compromiso con la educaci\u00f3n continua y el bienestar animal, creando un ambiente seguro y enriquecedor para todos los perros. Si buscas adiestrar perros en un entorno profesional y cercano, en Holistik9_bcn encontrar\u00e1s la soluci\u00f3n ideal para fortalecer el v\u00ednculo con tu mascota.<\/p>\n\n\n\n<p>Situado en \u301208005 Barcelona, Sant Mart\u00ed, \u30d0\u30c0\u30b8\u30e7\u30b9\u901a\u308a 88, el centro de adiestramiento canino en Barcelona se considera famoso por su atenci\u00f3n afectuoso, profesionalidad y logros notables. Consulta las opiniones de otros usuarios para conocer su experiencia.<\/p>\n<\/div>\n<\/div>\n\n\n\n<p><\/p>\n\n\n\n<p>Si necesitas conocer otros (PONER NEGOCIO, ej: asesor\u00eda legal, decoraci\u00f3n de eventos, instalaciones el\u00e9ctricas) puedes <strong><a href=\"\/\">visitar nuestra p\u00e1gina principal<\/a><\/strong>.<\/p>\n","protected":false},"excerpt":{"rendered":"<p>En caso de que te encuentras en la b\u00fasqueda un espacio seguro id\u00f3neo para entrenamiento canino en el \u00e1rea de Barcelona, este centro se presenta como una opci\u00f3n destacada. Este lugar se especializa en el manejo de canes de todas las edades y razas, siempre utilizando m\u00e9todos \u00e9ticos y tambi\u00e9n efectivos. Holistik9_bcn Entre los tratamientos [&hellip;]<\/p>\n","protected":false},"author":2,"featured_media":0,"parent":7829,"menu_order":0,"comment_status":"closed","ping_status":"closed","template":"","meta":{"_et_pb_use_builder":"","_et_pb_old_content":"","_et_gb_content_width":"","footnotes":""},"tags":[845],"class_list":["post-10040","page","type-page","status-publish","hentry","tag-barcelona"],"_links":{"self":[{"href":"https:\/\/www.adiestradorcanino.com\/webdelperro\/wp-json\/wp\/v2\/pages\/10040","targetHints":{"allow":["GET"]}}],"collection":[{"href":"https:\/\/www.adiestradorcanino.com\/webdelperro\/wp-json\/wp\/v2\/pages"}],"about":[{"href":"https:\/\/www.adiestradorcanino.com\/webdelperro\/wp-json\/wp\/v2\/types\/page"}],"author":[{"embeddable":true,"href":"https:\/\/www.adiestradorcanino.com\/webdelperro\/wp-json\/wp\/v2\/users\/2"}],"replies":[{"embeddable":true,"href":"https:\/\/www.adiestradorcanino.com\/webdelperro\/wp-json\/wp\/v2\/comments?post=10040"}],"version-history":[{"count":0,"href":"https:\/\/www.adiestradorcanino.com\/webdelperro\/wp-json\/wp\/v2\/pages\/10040\/revisions"}],"up":[{"embeddable":true,"href":"https:\/\/www.adiestradorcanino.com\/webdelperro\/wp-json\/wp\/v2\/pages\/7829"}],"wp:attachment":[{"href":"https:\/\/www.adiestradorcanino.com\/webdelperro\/wp-json\/wp\/v2\/media?parent=10040"}],"wp:term":[{"taxonomy":"post_tag","embeddable":true,"href":"https:\/\/www.adiestradorcanino.com\/webdelperro\/wp-json\/wp\/v2\/tags?post=10040"}],"curies":[{"name":"wp","href":"https:\/\/api.w.org\/{rel}","templated":true}]}}