{"id":10036,"date":"2025-07-09T07:48:32","date_gmt":"2025-07-09T07:48:32","guid":{"rendered":"https:\/\/www.adiestradorcanino.com\/webdelperro\/barcelona\/san-cugat-del-valles\/adiestramiento-canino-el-adiestrador-de-perros-sant-cugat-en-san-cugat-del-valles-barcelona\/"},"modified":"2025-07-09T07:48:32","modified_gmt":"2025-07-09T07:48:32","slug":"adiestramiento-canino-el-adiestrador-de-perros-sant-cugat-en-san-cugat-del-valles-barcelona","status":"publish","type":"page","link":"https:\/\/www.adiestradorcanino.com\/webdelperro\/barcelona\/san-cugat-del-valles\/adiestramiento-canino-el-adiestrador-de-perros-sant-cugat-en-san-cugat-del-valles-barcelona\/","title":{"rendered":"Adiestramiento canino El Adiestrador De Perros Sant Cugat en San Cugat Del Vall\u00e9s, Barcelona"},"content":{"rendered":"\n<p>Si acaso est\u00e1s en la b\u00fasqueda de un espacio seguro para el adiestramiento de perros en el \u00e1rea de San Cugat Del Vall\u00e9s,  El Adiestrador De Perros Sant Cugat representa una excelente opci\u00f3n. Nuestra instalaci\u00f3n se dedica en el entrenamiento de canes sin importar la raza o edad, siempre utilizando t\u00e9cnicas \u00e9ticos y tambi\u00e9n \u00fatiles.<\/p>\n\n\n\n<h2 class=\"wp-block-heading has-text-align-left nombreclinica\">El Adiestrador De Perros Sant Cugat<\/h2>\n\n\n\n<div class=\"wp-block-group is-layout-constrained wp-block-group-is-layout-constrained\">\n<div class=\"wp-block-columns nc-clase-ficha is-layout-flex wp-container-core-columns-is-layout-9d6595d7 wp-block-columns-is-layout-flex\">\n<div class=\"wp-block-column is-vertically-aligned-center is-layout-flow wp-block-column-is-layout-flow\">\n<figure class=\"wp-block-image size-full\"><img decoding=\"async\" src=\"https:\/\/www.adiestradorcanino.com\/webdelperro\/wp-content\/uploads\/2025\/07\/El-Adiestrador-De-Perros-Sant-Cugat.png\" alt=\"El Adiestrador De Perros Sant Cugat\" class=\"wp-image-19766\"\/><\/figure>\n\n\n\n<p>Dentro de los servicios m\u00e1s solicitados est\u00e1n la entrenamiento de obediencia, la correcci\u00f3n de conductas no deseadas, la socializaci\u00f3n con otros perros y las clases dirigidas a cachorros. Adem\u00e1s, en el centro se adaptan a las particularidades de cada familia y animal.<\/p>\n<\/div>\n\n\n\n<div class=\"wp-block-column is-vertically-aligned-center is-layout-flow wp-block-column-is-layout-flow\">\n<div class=\"su-service\"><div class=\"su-service-title\" style=\"padding-left:46px;min-height:32px;line-height:32px\"><i class=\"sui sui-user\" style=\"font-size:32px;color:#2471a3\"><\/i> <strong>Nombre<\/strong><\/div><div class=\"su-service-content su-u-clearfix su-u-trim\" style=\"padding-left:46px\">El Adiestrador De Perros Sant Cugat<\/div><\/div>\n\n\n\n<div class=\"su-service\"><div class=\"su-service-title\" style=\"padding-left:46px;min-height:32px;line-height:32px\"><i class=\"sui sui-map-marker\" style=\"font-size:32px;color:#2471a3\"><\/i> <strong>Direcci\u00f3n<\/strong><\/div><div class=\"su-service-content su-u-clearfix su-u-trim\" style=\"padding-left:46px\">08173 San Cugat del Vall\u00e9s, Barcelona<\/div><\/div>\n\n\n\n<div class=\"su-service\"><div class=\"su-service-title\" style=\"padding-left:46px;min-height:32px;line-height:32px\"><i class=\"sui sui-volume-control-phone\" style=\"font-size:32px;color:#2471a3\"><\/i> <strong>Tel\u00e9fono<\/strong><\/div><div class=\"su-service-content su-u-clearfix su-u-trim\" style=\"padding-left:46px\">607 79 52 44<\/div><\/div>\n\n\n\n<div class=\"su-service\"><div class=\"su-service-title\" style=\"padding-left:46px;min-height:32px;line-height:32px\"><i class=\"sui sui-globe\" style=\"font-size:32px;color:#2471a3\"><\/i> <strong>Sitio web<\/strong><\/div><div class=\"su-service-content su-u-clearfix su-u-trim\" style=\"padding-left:46px\">http:\/\/www.eladiestradordeperros.com\/<\/div><\/div>\n\n\n\n<div class=\"su-service\"><div class=\"su-service-title\" style=\"padding-left:46px;min-height:32px;line-height:32px\"><i class=\"sui sui-star\" style=\"font-size:32px;color:#2471a3\"><\/i> Valoraci\u00f3n de los clientes<\/div><div class=\"su-service-content su-u-clearfix su-u-trim\" style=\"padding-left:46px\">5 \/ 5 (376)<\/div><\/div>\n<\/div>\n<\/div>\n<\/div>\n\n\n\n<div class=\"wp-block-columns is-layout-flex wp-container-core-columns-is-layout-9d6595d7 wp-block-columns-is-layout-flex\">\n<div class=\"wp-block-column mapa2 is-layout-flow wp-block-column-is-layout-flow\">\n<h2 class=\"wp-block-heading\">Ubicaci\u00f3n de El Adiestrador De Perros Sant Cugat<\/h2>\n\n\n\n<div class=\"su-gmap su-u-responsive-media-yes mapa\"><iframe loading=\"lazy\" width=\"600\" height=\"280\" src=\"\/\/maps.google.com\/maps?q=El%20Adiestrador%20De%20Perros%20Sant%20Cugat%2C%2008173%20San%20Cugat%20del%20Vall%C3%A9s%2C%20Barcelona&amp;output=embed&amp;z=20\" title=\"\"><\/iframe><\/div>\n\n\n\n<h2 class=\"wp-block-heading\">Horarios de El Adiestrador De Perros Sant Cugat<\/h2>\n\n\n\n<figure class=\"wp-block-table\"><table><tbody><tr><td><strong>Lunes<\/strong><\/td><td>lunes: 8:00\u201321:00<\/td><\/tr><tr><td><strong>Martes<\/strong><\/td><td>martes: 8:00\u201321:00<\/td><\/tr><tr><td><strong>Mi\u00e9rcoles<\/strong><\/td><td>mi\u00e9rcoles: 8:00\u201321:00<\/td><\/tr><tr><td><strong>Jueves<\/strong><\/td><td>jueves: 8:00\u201321:00<\/td><\/tr><tr><td><strong>Viernes<\/strong><\/td><td>viernes: 8:00\u201321:00<\/td><\/tr><tr><td><strong>S\u00e1bado<\/strong><\/td><td>s\u00e1bado: Cerrado<\/td><\/tr><tr><td><strong>Domingo<\/strong><\/td><td>domingo: Cerrado<\/td><\/tr><\/tbody><\/table><\/figure>\n\n\n\n<h2 class=\"wp-block-heading\">Tel\u00e9fono de El Adiestrador De Perros Sant Cugat<\/h2>\n\n\n\n<p>Si quieres comunicarte con <strong>El Adiestrador De Perros Sant Cugat<\/strong>, puedes hacerlo directamente llamando al siguiente n\u00famero:<\/p>\n\n\n\n<div class=\"wp-block-buttons is-content-justification-center is-layout-flex wp-container-core-buttons-is-layout-16018d1d wp-block-buttons-is-layout-flex\">\n<div class=\"wp-block-button is-style-fill\"><a class=\"wp-block-button__link has-background has-medium-font-size has-custom-font-size wp-element-button\" href=\"tel:607 79 52 44\" style=\"border-radius:6px;background-color:#2471a3\">Llamar ahora<\/a><\/div>\n<\/div>\n\n\n\n<h2 class=\"wp-block-heading\">M\u00e1s informaci\u00f3n<\/h2>\n\n\n\n<p>El Adiestrador De Perros Sant Cugat, ubicado en 08173 San Cugat del Vall\u00e9s, Barcelona, se posiciona como el referente en adiestramiento canino en San Cugat Del Vall\u00e9s. Nuestro centro ofrece una amplia gama de servicios, que van desde la obediencia b\u00e1sica hasta la modificaci\u00f3n de conducta y la socializaci\u00f3n de perros. Contamos con un equipo de adiestradores de perros en Barcelona altamente capacitados, que emplean m\u00e9todos positivos y personalizados para cada mascota, garantizando resultados efectivos y duraderos. Lo que nos diferencia de otros centros es nuestro enfoque integral y cercano, donde no solo educamos a tu perro, sino que tambi\u00e9n involucramos a los due\u00f1os en el proceso, asegurando una convivencia armoniosa. Si buscas adiestrar perros de manera profesional y afectuosa, El Adiestrador De Perros Sant Cugat es tu mejor elecci\u00f3n.<\/p>\n\n\n\n<p>Situado en 08173 San Cugat del Vall\u00e9s, Barcelona, este centro de adiestramiento canino en San Cugat Del Vall\u00e9s se considera famoso por su atenci\u00f3n afectuoso, expertise y logros notables. Revisa las rese\u00f1as de otros usuarios para entender su opini\u00f3n.<\/p>\n<\/div>\n<\/div>\n\n\n\n<p><\/p>\n\n\n\n<p>Si necesitas conocer otros (PONER NEGOCIO, ej: asesor\u00eda legal, decoraci\u00f3n de eventos, instalaciones el\u00e9ctricas) puedes <strong><a href=\"\/\">visitar nuestra p\u00e1gina principal<\/a><\/strong>.<\/p>\n","protected":false},"excerpt":{"rendered":"<p>Si acaso est\u00e1s en la b\u00fasqueda de un espacio seguro para el adiestramiento de perros en el \u00e1rea de San Cugat Del Vall\u00e9s, El Adiestrador De Perros Sant Cugat representa una excelente opci\u00f3n. Nuestra instalaci\u00f3n se dedica en el entrenamiento de canes sin importar la raza o edad, siempre utilizando t\u00e9cnicas \u00e9ticos y tambi\u00e9n \u00fatiles. [&hellip;]<\/p>\n","protected":false},"author":2,"featured_media":0,"parent":7844,"menu_order":0,"comment_status":"closed","ping_status":"closed","template":"","meta":{"_et_pb_use_builder":"","_et_pb_old_content":"","_et_gb_content_width":"","footnotes":""},"tags":[1067],"class_list":["post-10036","page","type-page","status-publish","hentry","tag-san-cugat-del-valles"],"_links":{"self":[{"href":"https:\/\/www.adiestradorcanino.com\/webdelperro\/wp-json\/wp\/v2\/pages\/10036","targetHints":{"allow":["GET"]}}],"collection":[{"href":"https:\/\/www.adiestradorcanino.com\/webdelperro\/wp-json\/wp\/v2\/pages"}],"about":[{"href":"https:\/\/www.adiestradorcanino.com\/webdelperro\/wp-json\/wp\/v2\/types\/page"}],"author":[{"embeddable":true,"href":"https:\/\/www.adiestradorcanino.com\/webdelperro\/wp-json\/wp\/v2\/users\/2"}],"replies":[{"embeddable":true,"href":"https:\/\/www.adiestradorcanino.com\/webdelperro\/wp-json\/wp\/v2\/comments?post=10036"}],"version-history":[{"count":0,"href":"https:\/\/www.adiestradorcanino.com\/webdelperro\/wp-json\/wp\/v2\/pages\/10036\/revisions"}],"up":[{"embeddable":true,"href":"https:\/\/www.adiestradorcanino.com\/webdelperro\/wp-json\/wp\/v2\/pages\/7844"}],"wp:attachment":[{"href":"https:\/\/www.adiestradorcanino.com\/webdelperro\/wp-json\/wp\/v2\/media?parent=10036"}],"wp:term":[{"taxonomy":"post_tag","embeddable":true,"href":"https:\/\/www.adiestradorcanino.com\/webdelperro\/wp-json\/wp\/v2\/tags?post=10036"}],"curies":[{"name":"wp","href":"https:\/\/api.w.org\/{rel}","templated":true}]}}