{"id":10032,"date":"2025-07-09T07:47:59","date_gmt":"2025-07-09T07:47:59","guid":{"rendered":"https:\/\/www.adiestradorcanino.com\/webdelperro\/barcelona\/lhospitalet-de-llobregat\/adiestramiento-canino-canis-bcn-educacion-canina-y-adiestramiento-en-lhospitalet-de-llobregat-barcelona\/"},"modified":"2025-07-09T07:47:59","modified_gmt":"2025-07-09T07:47:59","slug":"adiestramiento-canino-canis-bcn-educacion-canina-y-adiestramiento-en-lhospitalet-de-llobregat-barcelona","status":"publish","type":"page","link":"https:\/\/www.adiestradorcanino.com\/webdelperro\/barcelona\/lhospitalet-de-llobregat\/adiestramiento-canino-canis-bcn-educacion-canina-y-adiestramiento-en-lhospitalet-de-llobregat-barcelona\/","title":{"rendered":"Adiestramiento canino Canis Bcn &#8211; Educaci\u00f3n Canina Y Adiestramiento en L&#8217;hospitalet De Llobregat, Barcelona"},"content":{"rendered":"\n<p>Si est\u00e1s buscando un sitio de confianza para el entrenamiento canino en el \u00e1rea de L&#8217;hospitalet De Llobregat, este centro representa una opci\u00f3n destacada. Este centro trabaja en el entrenamiento de perros de todas las edades y razas, siempre utilizando con amigables y tambi\u00e9n \u00fatiles.<\/p>\n\n\n\n<h2 class=\"wp-block-heading has-text-align-left nombreclinica\">Canis Bcn &#8211; Educaci\u00f3n Canina Y Adiestramiento<\/h2>\n\n\n\n<div class=\"wp-block-group is-layout-constrained wp-block-group-is-layout-constrained\">\n<div class=\"wp-block-columns nc-clase-ficha is-layout-flex wp-container-core-columns-is-layout-9d6595d7 wp-block-columns-is-layout-flex\">\n<div class=\"wp-block-column is-vertically-aligned-center is-layout-flow wp-block-column-is-layout-flow\">\n<figure class=\"wp-block-image size-full\"><img decoding=\"async\" src=\"https:\/\/www.adiestradorcanino.com\/webdelperro\/wp-content\/uploads\/2025\/07\/Canis-Bcn-Educacion-Canina-Y-Adiestramiento.jpg\" alt=\"Canis Bcn - Educaci\u00f3n Canina Y Adiestramiento\" class=\"wp-image-19766\"\/><\/figure>\n\n\n\n<p>Dentro de los tratamientos m\u00e1s demandados se encuentran la entrenamiento de obediencia, la modificaci\u00f3n de comportamientos no deseados, la socializaci\u00f3n con otros perros y las clases dirigidas a cachorros. Adem\u00e1s, en nuestro centro se adaptan a las particularidades de cada familia y su mascota.<\/p>\n<\/div>\n\n\n\n<div class=\"wp-block-column is-vertically-aligned-center is-layout-flow wp-block-column-is-layout-flow\">\n<div class=\"su-service\"><div class=\"su-service-title\" style=\"padding-left:46px;min-height:32px;line-height:32px\"><i class=\"sui sui-user\" style=\"font-size:32px;color:#2471a3\"><\/i> <strong>Nombre<\/strong><\/div><div class=\"su-service-content su-u-clearfix su-u-trim\" style=\"padding-left:46px\">Canis Bcn &#8211; Educaci\u00f3n Canina Y Adiestramiento<\/div><\/div>\n\n\n\n<div class=\"su-service\"><div class=\"su-service-title\" style=\"padding-left:46px;min-height:32px;line-height:32px\"><i class=\"sui sui-map-marker\" style=\"font-size:32px;color:#2471a3\"><\/i> <strong>Direcci\u00f3n<\/strong><\/div><div class=\"su-service-content su-u-clearfix su-u-trim\" style=\"padding-left:46px\">08901 L&#8217;Hospitalet de Llobregat, Barcelona<\/div><\/div>\n\n\n\n<div class=\"su-service\"><div class=\"su-service-title\" style=\"padding-left:46px;min-height:32px;line-height:32px\"><i class=\"sui sui-volume-control-phone\" style=\"font-size:32px;color:#2471a3\"><\/i> <strong>Tel\u00e9fono<\/strong><\/div><div class=\"su-service-content su-u-clearfix su-u-trim\" style=\"padding-left:46px\">699 04 58 20<\/div><\/div>\n\n\n\n<div class=\"su-service\"><div class=\"su-service-title\" style=\"padding-left:46px;min-height:32px;line-height:32px\"><i class=\"sui sui-globe\" style=\"font-size:32px;color:#2471a3\"><\/i> <strong>Sitio web<\/strong><\/div><div class=\"su-service-content su-u-clearfix su-u-trim\" style=\"padding-left:46px\">http:\/\/www.canisbcn.com\/<\/div><\/div>\n\n\n\n<div class=\"su-service\"><div class=\"su-service-title\" style=\"padding-left:46px;min-height:32px;line-height:32px\"><i class=\"sui sui-star\" style=\"font-size:32px;color:#2471a3\"><\/i> Valoraci\u00f3n de los clientes<\/div><div class=\"su-service-content su-u-clearfix su-u-trim\" style=\"padding-left:46px\">4.9 \/ 5 (59)<\/div><\/div>\n<\/div>\n<\/div>\n<\/div>\n\n\n\n<div class=\"wp-block-columns is-layout-flex wp-container-core-columns-is-layout-9d6595d7 wp-block-columns-is-layout-flex\">\n<div class=\"wp-block-column mapa2 is-layout-flow wp-block-column-is-layout-flow\">\n<h2 class=\"wp-block-heading\">Ubicaci\u00f3n de Canis Bcn &#8211; Educaci\u00f3n Canina Y Adiestramiento<\/h2>\n\n\n\n<div class=\"su-gmap su-u-responsive-media-yes mapa\"><iframe loading=\"lazy\" width=\"600\" height=\"280\" src=\"\/\/maps.google.com\/maps?q=Canis%20Bcn%20-%20Educaci%C3%B3n%20Canina%20Y%20Adiestramiento%2C%2008901%20L%26%23039%3BHospitalet%20de%20Llobregat%2C%20Barcelona&amp;output=embed&amp;z=20\" title=\"\"><\/iframe><\/div>\n\n\n\n<h2 class=\"wp-block-heading\">Horarios de Canis Bcn &#8211; Educaci\u00f3n Canina Y Adiestramiento<\/h2>\n\n\n\n<figure class=\"wp-block-table\"><table><tbody><tr><td><strong>Lunes<\/strong><\/td><td>lunes: 17:00\u201321:00<\/td><\/tr><tr><td><strong>Martes<\/strong><\/td><td>martes: 17:00\u201321:00<\/td><\/tr><tr><td><strong>Mi\u00e9rcoles<\/strong><\/td><td>mi\u00e9rcoles: 17:00\u201321:00<\/td><\/tr><tr><td><strong>Jueves<\/strong><\/td><td>jueves: 17:00\u201321:00<\/td><\/tr><tr><td><strong>Viernes<\/strong><\/td><td>viernes: 17:00\u201321:00<\/td><\/tr><tr><td><strong>S\u00e1bado<\/strong><\/td><td>s\u00e1bado: Cerrado<\/td><\/tr><tr><td><strong>Domingo<\/strong><\/td><td>domingo: Cerrado<\/td><\/tr><\/tbody><\/table><\/figure>\n\n\n\n<h2 class=\"wp-block-heading\">Tel\u00e9fono de Canis Bcn &#8211; Educaci\u00f3n Canina Y Adiestramiento<\/h2>\n\n\n\n<p>Si quieres comunicarte con <strong>Canis Bcn &#8211; Educaci\u00f3n Canina Y Adiestramiento<\/strong>, puedes hacerlo directamente llamando al siguiente n\u00famero:<\/p>\n\n\n\n<div class=\"wp-block-buttons is-content-justification-center is-layout-flex wp-container-core-buttons-is-layout-16018d1d wp-block-buttons-is-layout-flex\">\n<div class=\"wp-block-button is-style-fill\"><a class=\"wp-block-button__link has-background has-medium-font-size has-custom-font-size wp-element-button\" href=\"tel:699 04 58 20\" style=\"border-radius:6px;background-color:#2471a3\">Llamar ahora<\/a><\/div>\n<\/div>\n\n\n\n<h2 class=\"wp-block-heading\">M\u00e1s informaci\u00f3n<\/h2>\n\n\n\n<p>En el coraz\u00f3n de L&#8217;Hospitalet de Llobregat, el centro de adiestramiento canino Canis Bcn &#8211; Educaci\u00f3n Canina y Adiestramiento se destaca como una referencia en el \u00e1mbito del adiestramiento canino en L&#8217;Hospitalet de Llobregat y sus alrededores. Nuestros servicios abarcan desde la obediencia b\u00e1sica y la socializaci\u00f3n hasta la modificaci\u00f3n de conducta, adapt\u00e1ndonos a las necesidades espec\u00edficas de cada perro y su due\u00f1o. Con un equipo de adiestradores de perros en Barcelona altamente capacitados, utilizamos t\u00e9cnicas basadas en el refuerzo positivo, lo que garantiza un aprendizaje efectivo y agradable tanto para los canes como para sus familias. Nuestro enfoque personalizado y la atenci\u00f3n a los detalles nos diferencian de otros centros, asegurando que cada sesi\u00f3n sea una experiencia enriquecedora. Si buscas adiestrar perros de manera profesional y cercana, Canis Bcn es tu mejor opci\u00f3n para lograr una convivencia armoniosa y feliz con tu mascota.<\/p>\n\n\n\n<p>Situado en 08901 L&#8217;Hospitalet de Llobregat, Barcelona, este centro de adiestramiento canino en L&#8217;hospitalet De Llobregat se considera destacado por su trato personal, expertise y resultados visibles. Consulta las valoraciones de otros clientes para descubrir su opini\u00f3n.<\/p>\n<\/div>\n<\/div>\n\n\n\n<p><\/p>\n\n\n\n<p>Si necesitas conocer otros (PONER NEGOCIO, ej: asesor\u00eda legal, decoraci\u00f3n de eventos, instalaciones el\u00e9ctricas) puedes <strong><a href=\"\/\">visitar nuestra p\u00e1gina principal<\/a><\/strong>.<\/p>\n","protected":false},"excerpt":{"rendered":"<p>Si est\u00e1s buscando un sitio de confianza para el entrenamiento canino en el \u00e1rea de L&#8217;hospitalet De Llobregat, este centro representa una opci\u00f3n destacada. Este centro trabaja en el entrenamiento de perros de todas las edades y razas, siempre utilizando con amigables y tambi\u00e9n \u00fatiles. Canis Bcn &#8211; Educaci\u00f3n Canina Y Adiestramiento Dentro de los [&hellip;]<\/p>\n","protected":false},"author":2,"featured_media":0,"parent":7841,"menu_order":0,"comment_status":"closed","ping_status":"closed","template":"","meta":{"_et_pb_use_builder":"","_et_pb_old_content":"","_et_gb_content_width":"","footnotes":""},"tags":[1066],"class_list":["post-10032","page","type-page","status-publish","hentry","tag-lhospitalet-de-llobregat"],"_links":{"self":[{"href":"https:\/\/www.adiestradorcanino.com\/webdelperro\/wp-json\/wp\/v2\/pages\/10032","targetHints":{"allow":["GET"]}}],"collection":[{"href":"https:\/\/www.adiestradorcanino.com\/webdelperro\/wp-json\/wp\/v2\/pages"}],"about":[{"href":"https:\/\/www.adiestradorcanino.com\/webdelperro\/wp-json\/wp\/v2\/types\/page"}],"author":[{"embeddable":true,"href":"https:\/\/www.adiestradorcanino.com\/webdelperro\/wp-json\/wp\/v2\/users\/2"}],"replies":[{"embeddable":true,"href":"https:\/\/www.adiestradorcanino.com\/webdelperro\/wp-json\/wp\/v2\/comments?post=10032"}],"version-history":[{"count":0,"href":"https:\/\/www.adiestradorcanino.com\/webdelperro\/wp-json\/wp\/v2\/pages\/10032\/revisions"}],"up":[{"embeddable":true,"href":"https:\/\/www.adiestradorcanino.com\/webdelperro\/wp-json\/wp\/v2\/pages\/7841"}],"wp:attachment":[{"href":"https:\/\/www.adiestradorcanino.com\/webdelperro\/wp-json\/wp\/v2\/media?parent=10032"}],"wp:term":[{"taxonomy":"post_tag","embeddable":true,"href":"https:\/\/www.adiestradorcanino.com\/webdelperro\/wp-json\/wp\/v2\/tags?post=10032"}],"curies":[{"name":"wp","href":"https:\/\/api.w.org\/{rel}","templated":true}]}}