{"id":10028,"date":"2025-07-09T07:47:30","date_gmt":"2025-07-09T07:47:30","guid":{"rendered":"https:\/\/www.adiestradorcanino.com\/webdelperro\/barcelona\/can-prat\/adiestramiento-canino-conductcan-adiestramiento-canino-y-residencia-para-perros-barcelona-en-can-prat-barcelona\/"},"modified":"2025-07-09T07:47:30","modified_gmt":"2025-07-09T07:47:30","slug":"adiestramiento-canino-conductcan-adiestramiento-canino-y-residencia-para-perros-barcelona-en-can-prat-barcelona","status":"publish","type":"page","link":"https:\/\/www.adiestradorcanino.com\/webdelperro\/barcelona\/can-prat\/adiestramiento-canino-conductcan-adiestramiento-canino-y-residencia-para-perros-barcelona-en-can-prat-barcelona\/","title":{"rendered":"Adiestramiento canino Conductcan, Adiestramiento Canino Y Residencia Para Perros Barcelona en Can Prat, Barcelona"},"content":{"rendered":"\n<p>En caso de que buscas en la b\u00fasqueda un lugar seguro para el adiestramiento canino en el \u00e1rea de Can Prat, nuestra instituci\u00f3n es una excelente opci\u00f3n. Nuestra instalaci\u00f3n trabaja con perros de cualquier edad y raza, siempre con respetuosos y tambi\u00e9n eficaces.<\/p>\n\n\n\n<h2 class=\"wp-block-heading has-text-align-left nombreclinica\">Conductcan, Adiestramiento Canino Y Residencia Para Perros Barcelona<\/h2>\n\n\n\n<div class=\"wp-block-group is-layout-constrained wp-block-group-is-layout-constrained\">\n<div class=\"wp-block-columns nc-clase-ficha is-layout-flex wp-container-core-columns-is-layout-9d6595d7 wp-block-columns-is-layout-flex\">\n<div class=\"wp-block-column is-vertically-aligned-center is-layout-flow wp-block-column-is-layout-flow\">\n<figure class=\"wp-block-image size-full\"><img decoding=\"async\" src=\"https:\/\/www.adiestradorcanino.com\/webdelperro\/wp-content\/uploads\/2025\/07\/Conductcan-Adiestramiento-Canino-Y-Residencia-Para-Perros-Barcelona.jpg\" alt=\"Conductcan, Adiestramiento Canino Y Residencia Para Perros Barcelona\" class=\"wp-image-19766\"\/><\/figure>\n\n\n\n<p>Entre los tratamientos m\u00e1s solicitados se encuentran los obediencia b\u00e1sica, la correcci\u00f3n de conductas inapropiadas, la socializaci\u00f3n con otros animales y las clases dirigidas a cachorros. Adem\u00e1s, en el centro se adaptan a las necesidades espec\u00edficas de cada hogar y su animal.<\/p>\n<\/div>\n\n\n\n<div class=\"wp-block-column is-vertically-aligned-center is-layout-flow wp-block-column-is-layout-flow\">\n<div class=\"su-service\"><div class=\"su-service-title\" style=\"padding-left:46px;min-height:32px;line-height:32px\"><i class=\"sui sui-user\" style=\"font-size:32px;color:#2471a3\"><\/i> <strong>Nombre<\/strong><\/div><div class=\"su-service-content su-u-clearfix su-u-trim\" style=\"padding-left:46px\">Conductcan, Adiestramiento Canino Y Residencia Para Perros Barcelona<\/div><\/div>\n\n\n\n<div class=\"su-service\"><div class=\"su-service-title\" style=\"padding-left:46px;min-height:32px;line-height:32px\"><i class=\"sui sui-map-marker\" style=\"font-size:32px;color:#2471a3\"><\/i> <strong>Direcci\u00f3n<\/strong><\/div><div class=\"su-service-content su-u-clearfix su-u-trim\" style=\"padding-left:46px\">Mas\u00eda Can Patir\u00e1s, Carrer de Sant Jaume, s\/n, Urb, 08185 Can Prat, Barcelona<\/div><\/div>\n\n\n\n<div class=\"su-service\"><div class=\"su-service-title\" style=\"padding-left:46px;min-height:32px;line-height:32px\"><i class=\"sui sui-volume-control-phone\" style=\"font-size:32px;color:#2471a3\"><\/i> <strong>Tel\u00e9fono<\/strong><\/div><div class=\"su-service-content su-u-clearfix su-u-trim\" style=\"padding-left:46px\">934 33 06 50<\/div><\/div>\n\n\n\n<div class=\"su-service\"><div class=\"su-service-title\" style=\"padding-left:46px;min-height:32px;line-height:32px\"><i class=\"sui sui-globe\" style=\"font-size:32px;color:#2471a3\"><\/i> <strong>Sitio web<\/strong><\/div><div class=\"su-service-content su-u-clearfix su-u-trim\" style=\"padding-left:46px\">http:\/\/www.conductcan.com\/<\/div><\/div>\n\n\n\n<div class=\"su-service\"><div class=\"su-service-title\" style=\"padding-left:46px;min-height:32px;line-height:32px\"><i class=\"sui sui-star\" style=\"font-size:32px;color:#2471a3\"><\/i> Valoraci\u00f3n de los clientes<\/div><div class=\"su-service-content su-u-clearfix su-u-trim\" style=\"padding-left:46px\">4.7 \/ 5 (391)<\/div><\/div>\n<\/div>\n<\/div>\n<\/div>\n\n\n\n<div class=\"wp-block-columns is-layout-flex wp-container-core-columns-is-layout-9d6595d7 wp-block-columns-is-layout-flex\">\n<div class=\"wp-block-column mapa2 is-layout-flow wp-block-column-is-layout-flow\">\n<h2 class=\"wp-block-heading\">Ubicaci\u00f3n de Conductcan, Adiestramiento Canino Y Residencia Para Perros Barcelona<\/h2>\n\n\n\n<div class=\"su-gmap su-u-responsive-media-yes mapa\"><iframe loading=\"lazy\" width=\"600\" height=\"280\" src=\"\/\/maps.google.com\/maps?q=Conductcan%2C%20Adiestramiento%20Canino%20Y%20Residencia%20Para%20Perros%20Barcelona%2C%20Mas%C3%ADa%20Can%20Patir%C3%A1s%2C%20Carrer%20de%20Sant%20Jaume%2C%20s%2Fn%2C%20Urb%2C%2008185%20Can%20Prat%2C%20Barcelona&amp;output=embed&amp;z=20\" title=\"\"><\/iframe><\/div>\n\n\n\n<h2 class=\"wp-block-heading\">Horarios de Conductcan, Adiestramiento Canino Y Residencia Para Perros Barcelona<\/h2>\n\n\n\n<figure class=\"wp-block-table\"><table><tbody><tr><td><strong>Lunes<\/strong><\/td><td>lunes: 9:30\u201313:30, 17:00\u201320:00<\/td><\/tr><tr><td><strong>Martes<\/strong><\/td><td>martes: 9:30\u201313:30, 17:00\u201320:00<\/td><\/tr><tr><td><strong>Mi\u00e9rcoles<\/strong><\/td><td>mi\u00e9rcoles: 9:30\u201313:30, 17:00\u201320:00<\/td><\/tr><tr><td><strong>Jueves<\/strong><\/td><td>jueves: 9:30\u201313:30, 17:00\u201320:00<\/td><\/tr><tr><td><strong>Viernes<\/strong><\/td><td>viernes: 9:30\u201313:30, 17:00\u201320:00<\/td><\/tr><tr><td><strong>S\u00e1bado<\/strong><\/td><td>s\u00e1bado: 9:30\u201310:00, 19:30\u201320:00<\/td><\/tr><tr><td><strong>Domingo<\/strong><\/td><td>domingo: 9:30\u201310:00, 19:30\u201320:00<\/td><\/tr><\/tbody><\/table><\/figure>\n\n\n\n<h2 class=\"wp-block-heading\">Tel\u00e9fono de Conductcan, Adiestramiento Canino Y Residencia Para Perros Barcelona<\/h2>\n\n\n\n<p>Si quieres comunicarte con <strong>Conductcan, Adiestramiento Canino Y Residencia Para Perros Barcelona<\/strong>, puedes hacerlo directamente llamando al siguiente n\u00famero:<\/p>\n\n\n\n<div class=\"wp-block-buttons is-content-justification-center is-layout-flex wp-container-core-buttons-is-layout-16018d1d wp-block-buttons-is-layout-flex\">\n<div class=\"wp-block-button is-style-fill\"><a class=\"wp-block-button__link has-background has-medium-font-size has-custom-font-size wp-element-button\" href=\"tel:934 33 06 50\" style=\"border-radius:6px;background-color:#2471a3\">Llamar ahora<\/a><\/div>\n<\/div>\n\n\n\n<h2 class=\"wp-block-heading\">M\u00e1s informaci\u00f3n<\/h2>\n\n\n\n<p>En Conductcan, el centro de adiestramiento canino en Can Prat, Barcelona, ofrecemos un enfoque integral y personalizado para adiestrar perros, garantizando un aprendizaje efectivo y divertido. Ubicados en la Mas\u00eda Can Patir\u00e1s, nuestros adiestradores de perros en Barcelona est\u00e1n especializados en obediencia, socializaci\u00f3n y modificaci\u00f3n de conducta, adaptando cada programa a las necesidades espec\u00edficas de tu mascota. Nos destacamos por nuestro m\u00e9todo basado en el refuerzo positivo, creando un ambiente seguro y estimulante que fomenta el v\u00ednculo entre el perro y su due\u00f1o. Adem\u00e1s, contamos con servicios de residencia para perros, asegurando que tu compa\u00f1ero reciba la atenci\u00f3n y el cuidado que merece mientras aprende. Si buscas un servicio de calidad para adiestrar perros en Barcelona, en Conductcan te ofrecemos la experiencia y el compromiso necesarios para transformar la convivencia con tu mascota en una experiencia positiva y enriquecedora.<\/p>\n\n\n\n<p>Localizado en Mas\u00eda Can Patir\u00e1s, Carrer de Sant Jaume, s\/n, Urb, 08185 Can Prat, Barcelona, este centro de adiestramiento canino en Can Prat es reconocido por su atenci\u00f3n personal, expertise y resultados notables. Revisa las valoraciones de otros clientes para entender su experiencia.<\/p>\n<\/div>\n<\/div>\n\n\n\n<p><\/p>\n\n\n\n<p>Si necesitas conocer otros (PONER NEGOCIO, ej: asesor\u00eda legal, decoraci\u00f3n de eventos, instalaciones el\u00e9ctricas) puedes <strong><a href=\"\/\">visitar nuestra p\u00e1gina principal<\/a><\/strong>.<\/p>\n","protected":false},"excerpt":{"rendered":"<p>En caso de que buscas en la b\u00fasqueda un lugar seguro para el adiestramiento canino en el \u00e1rea de Can Prat, nuestra instituci\u00f3n es una excelente opci\u00f3n. Nuestra instalaci\u00f3n trabaja con perros de cualquier edad y raza, siempre con respetuosos y tambi\u00e9n eficaces. Conductcan, Adiestramiento Canino Y Residencia Para Perros Barcelona Entre los tratamientos m\u00e1s [&hellip;]<\/p>\n","protected":false},"author":2,"featured_media":0,"parent":7838,"menu_order":0,"comment_status":"closed","ping_status":"closed","template":"","meta":{"_et_pb_use_builder":"","_et_pb_old_content":"","_et_gb_content_width":"","footnotes":""},"tags":[1065],"class_list":["post-10028","page","type-page","status-publish","hentry","tag-can-prat"],"_links":{"self":[{"href":"https:\/\/www.adiestradorcanino.com\/webdelperro\/wp-json\/wp\/v2\/pages\/10028","targetHints":{"allow":["GET"]}}],"collection":[{"href":"https:\/\/www.adiestradorcanino.com\/webdelperro\/wp-json\/wp\/v2\/pages"}],"about":[{"href":"https:\/\/www.adiestradorcanino.com\/webdelperro\/wp-json\/wp\/v2\/types\/page"}],"author":[{"embeddable":true,"href":"https:\/\/www.adiestradorcanino.com\/webdelperro\/wp-json\/wp\/v2\/users\/2"}],"replies":[{"embeddable":true,"href":"https:\/\/www.adiestradorcanino.com\/webdelperro\/wp-json\/wp\/v2\/comments?post=10028"}],"version-history":[{"count":0,"href":"https:\/\/www.adiestradorcanino.com\/webdelperro\/wp-json\/wp\/v2\/pages\/10028\/revisions"}],"up":[{"embeddable":true,"href":"https:\/\/www.adiestradorcanino.com\/webdelperro\/wp-json\/wp\/v2\/pages\/7838"}],"wp:attachment":[{"href":"https:\/\/www.adiestradorcanino.com\/webdelperro\/wp-json\/wp\/v2\/media?parent=10028"}],"wp:term":[{"taxonomy":"post_tag","embeddable":true,"href":"https:\/\/www.adiestradorcanino.com\/webdelperro\/wp-json\/wp\/v2\/tags?post=10028"}],"curies":[{"name":"wp","href":"https:\/\/api.w.org\/{rel}","templated":true}]}}