{"id":10023,"date":"2025-07-09T07:47:05","date_gmt":"2025-07-09T07:47:05","guid":{"rendered":"https:\/\/www.adiestradorcanino.com\/webdelperro\/barcelona\/barcelona\/adiestramiento-canino-adiestra2-adiestrador-canino-barcelona-en-barcelona-barcelona\/"},"modified":"2025-07-09T07:47:05","modified_gmt":"2025-07-09T07:47:05","slug":"adiestramiento-canino-adiestra2-adiestrador-canino-barcelona-en-barcelona-barcelona","status":"publish","type":"page","link":"https:\/\/www.adiestradorcanino.com\/webdelperro\/barcelona\/barcelona\/adiestramiento-canino-adiestra2-adiestrador-canino-barcelona-en-barcelona-barcelona\/","title":{"rendered":"Adiestramiento canino Adiestra2 \/ Adiestrador Canino Barcelona en Barcelona, Barcelona"},"content":{"rendered":"\n<p>Si acaso te encuentras buscando un lugar confiable para entrenamiento canino en Barcelona, este centro se presenta como una alternativa destacada. Nuestra instalaci\u00f3n se dedica en el entrenamiento de canes de todas las edades y razas, siempre utilizando t\u00e9cnicas \u00e9ticos adem\u00e1s de eficaces.<\/p>\n\n\n\n<h2 class=\"wp-block-heading has-text-align-left nombreclinica\">Adiestra2 \/ Adiestrador Canino Barcelona<\/h2>\n\n\n\n<div class=\"wp-block-group is-layout-constrained wp-block-group-is-layout-constrained\">\n<div class=\"wp-block-columns nc-clase-ficha is-layout-flex wp-container-core-columns-is-layout-9d6595d7 wp-block-columns-is-layout-flex\">\n<div class=\"wp-block-column is-vertically-aligned-center is-layout-flow wp-block-column-is-layout-flow\">\n<figure class=\"wp-block-image size-full\"><img decoding=\"async\" src=\"https:\/\/www.adiestradorcanino.com\/webdelperro\/wp-content\/uploads\/2025\/07\/Adiestra2-Adiestrador-Canino-Barcelona.png\" alt=\"Adiestra2 \/ Adiestrador Canino Barcelona\" class=\"wp-image-19766\"\/><\/figure>\n\n\n\n<p>Entre nuestros servicios m\u00e1s solicitados est\u00e1n la cursos de obediencia b\u00e1sica, la correcci\u00f3n de conductas inapropiadas, la socializaci\u00f3n con otros animales y las clases espec\u00edficas para cachorros. Adem\u00e1s, en el centro nos adaptamos a las necesidades espec\u00edficas de cada familia y animal.<\/p>\n<\/div>\n\n\n\n<div class=\"wp-block-column is-vertically-aligned-center is-layout-flow wp-block-column-is-layout-flow\">\n<div class=\"su-service\"><div class=\"su-service-title\" style=\"padding-left:46px;min-height:32px;line-height:32px\"><i class=\"sui sui-user\" style=\"font-size:32px;color:#2471a3\"><\/i> <strong>Nombre<\/strong><\/div><div class=\"su-service-content su-u-clearfix su-u-trim\" style=\"padding-left:46px\">Adiestra2 \/ Adiestrador Canino Barcelona<\/div><\/div>\n\n\n\n<div class=\"su-service\"><div class=\"su-service-title\" style=\"padding-left:46px;min-height:32px;line-height:32px\"><i class=\"sui sui-map-marker\" style=\"font-size:32px;color:#2471a3\"><\/i> <strong>Direcci\u00f3n<\/strong><\/div><div class=\"su-service-content su-u-clearfix su-u-trim\" style=\"padding-left:46px\">Carrer de Gayarre, 12, Sants-Montju\u00efc, 08014 Barcelona<\/div><\/div>\n\n\n\n<div class=\"su-service\"><div class=\"su-service-title\" style=\"padding-left:46px;min-height:32px;line-height:32px\"><i class=\"sui sui-volume-control-phone\" style=\"font-size:32px;color:#2471a3\"><\/i> <strong>Tel\u00e9fono<\/strong><\/div><div class=\"su-service-content su-u-clearfix su-u-trim\" style=\"padding-left:46px\">685 61 82 78<\/div><\/div>\n\n\n\n<div class=\"su-service\"><div class=\"su-service-title\" style=\"padding-left:46px;min-height:32px;line-height:32px\"><i class=\"sui sui-globe\" style=\"font-size:32px;color:#2471a3\"><\/i> <strong>Sitio web<\/strong><\/div><div class=\"su-service-content su-u-clearfix su-u-trim\" style=\"padding-left:46px\">https:\/\/www.adiestra2.es\/<\/div><\/div>\n\n\n\n<div class=\"su-service\"><div class=\"su-service-title\" style=\"padding-left:46px;min-height:32px;line-height:32px\"><i class=\"sui sui-star\" style=\"font-size:32px;color:#2471a3\"><\/i> Valoraci\u00f3n de los clientes<\/div><div class=\"su-service-content su-u-clearfix su-u-trim\" style=\"padding-left:46px\">5 \/ 5 (5)<\/div><\/div>\n<\/div>\n<\/div>\n<\/div>\n\n\n\n<div class=\"wp-block-columns is-layout-flex wp-container-core-columns-is-layout-9d6595d7 wp-block-columns-is-layout-flex\">\n<div class=\"wp-block-column mapa2 is-layout-flow wp-block-column-is-layout-flow\">\n<h2 class=\"wp-block-heading\">Ubicaci\u00f3n de Adiestra2 \/ Adiestrador Canino Barcelona<\/h2>\n\n\n\n<div class=\"su-gmap su-u-responsive-media-yes mapa\"><iframe loading=\"lazy\" width=\"600\" height=\"280\" src=\"\/\/maps.google.com\/maps?q=Adiestra2%20%2F%20Adiestrador%20Canino%20Barcelona%2C%20Carrer%20de%20Gayarre%2C%2012%2C%20Sants-Montju%C3%AFc%2C%2008014%20Barcelona&amp;output=embed&amp;z=20\" title=\"\"><\/iframe><\/div>\n\n\n\n<h2 class=\"wp-block-heading\">Horarios de Adiestra2 \/ Adiestrador Canino Barcelona<\/h2>\n\n\n\n<figure class=\"wp-block-table\"><table><tbody><tr><td><strong>Lunes<\/strong><\/td><td>lunes: 8:00\u201320:00<\/td><\/tr><tr><td><strong>Martes<\/strong><\/td><td>martes: 8:00\u201320:00<\/td><\/tr><tr><td><strong>Mi\u00e9rcoles<\/strong><\/td><td>mi\u00e9rcoles: 8:00\u201320:00<\/td><\/tr><tr><td><strong>Jueves<\/strong><\/td><td>jueves: 8:00\u201320:00<\/td><\/tr><tr><td><strong>Viernes<\/strong><\/td><td>viernes: 8:00\u201320:00<\/td><\/tr><tr><td><strong>S\u00e1bado<\/strong><\/td><td>s\u00e1bado: 9:00\u201314:00<\/td><\/tr><tr><td><strong>Domingo<\/strong><\/td><td>domingo: 9:00\u201314:00<\/td><\/tr><\/tbody><\/table><\/figure>\n\n\n\n<h2 class=\"wp-block-heading\">Tel\u00e9fono de Adiestra2 \/ Adiestrador Canino Barcelona<\/h2>\n\n\n\n<p>Si quieres comunicarte con <strong>Adiestra2 \/ Adiestrador Canino Barcelona<\/strong>, puedes hacerlo directamente llamando al siguiente n\u00famero:<\/p>\n\n\n\n<div class=\"wp-block-buttons is-content-justification-center is-layout-flex wp-container-core-buttons-is-layout-16018d1d wp-block-buttons-is-layout-flex\">\n<div class=\"wp-block-button is-style-fill\"><a class=\"wp-block-button__link has-background has-medium-font-size has-custom-font-size wp-element-button\" href=\"tel:685 61 82 78\" style=\"border-radius:6px;background-color:#2471a3\">Llamar ahora<\/a><\/div>\n<\/div>\n\n\n\n<h2 class=\"wp-block-heading\">M\u00e1s informaci\u00f3n<\/h2>\n\n\n\n<p>En el coraz\u00f3n de Sants-Montju\u00efc, Barcelona, se encuentra Adiestra2, un destacado centro de adiestramiento canino que se especializa en ofrecer servicios de alta calidad para educar a tu perro. Nuestros adiestradores de perros en Barcelona cuentan con una s\u00f3lida experiencia y un enfoque integral que abarca la obediencia b\u00e1sica, la socializaci\u00f3n, y la modificaci\u00f3n de conducta, adaptando cada programa a las necesidades espec\u00edficas de tu mascota. Lo que nos diferencia de otros centros de adiestramiento canino en Barcelona es nuestro compromiso con un aprendizaje positivo y divertido, fomentando una relaci\u00f3n armoniosa entre el perro y su due\u00f1o. En Adiestra2, creemos que un perro bien educado es un compa\u00f1ero feliz, y estamos aqu\u00ed para ayudarte a lograrlo. Si buscas adiestrar perros con un enfoque profesional y cercano, no dudes en visitarnos en Carrer de Gayarre, 12, donde transformaremos el comportamiento de tu mascota y fortaleceremos su v\u00ednculo contigo.<\/p>\n\n\n\n<p>Ubicado en Carrer de Gayarre, 12, Sants-Montju\u00efc, 08014 Barcelona, este centro de adiestramiento canino en Barcelona se considera destacado por su trato afectuoso, expertise y resultados evidentes. Mira las rese\u00f1as de otros clientes para descubrir su testimonio.<\/p>\n<\/div>\n<\/div>\n\n\n\n<p><\/p>\n\n\n\n<p>Si necesitas conocer otros (PONER NEGOCIO, ej: asesor\u00eda legal, decoraci\u00f3n de eventos, instalaciones el\u00e9ctricas) puedes <strong><a href=\"\/\">visitar nuestra p\u00e1gina principal<\/a><\/strong>.<\/p>\n","protected":false},"excerpt":{"rendered":"<p>Si acaso te encuentras buscando un lugar confiable para entrenamiento canino en Barcelona, este centro se presenta como una alternativa destacada. Nuestra instalaci\u00f3n se dedica en el entrenamiento de canes de todas las edades y razas, siempre utilizando t\u00e9cnicas \u00e9ticos adem\u00e1s de eficaces. Adiestra2 \/ Adiestrador Canino Barcelona Entre nuestros servicios m\u00e1s solicitados est\u00e1n la [&hellip;]<\/p>\n","protected":false},"author":2,"featured_media":0,"parent":7829,"menu_order":0,"comment_status":"closed","ping_status":"closed","template":"","meta":{"_et_pb_use_builder":"","_et_pb_old_content":"","_et_gb_content_width":"","footnotes":""},"tags":[845],"class_list":["post-10023","page","type-page","status-publish","hentry","tag-barcelona"],"_links":{"self":[{"href":"https:\/\/www.adiestradorcanino.com\/webdelperro\/wp-json\/wp\/v2\/pages\/10023","targetHints":{"allow":["GET"]}}],"collection":[{"href":"https:\/\/www.adiestradorcanino.com\/webdelperro\/wp-json\/wp\/v2\/pages"}],"about":[{"href":"https:\/\/www.adiestradorcanino.com\/webdelperro\/wp-json\/wp\/v2\/types\/page"}],"author":[{"embeddable":true,"href":"https:\/\/www.adiestradorcanino.com\/webdelperro\/wp-json\/wp\/v2\/users\/2"}],"replies":[{"embeddable":true,"href":"https:\/\/www.adiestradorcanino.com\/webdelperro\/wp-json\/wp\/v2\/comments?post=10023"}],"version-history":[{"count":0,"href":"https:\/\/www.adiestradorcanino.com\/webdelperro\/wp-json\/wp\/v2\/pages\/10023\/revisions"}],"up":[{"embeddable":true,"href":"https:\/\/www.adiestradorcanino.com\/webdelperro\/wp-json\/wp\/v2\/pages\/7829"}],"wp:attachment":[{"href":"https:\/\/www.adiestradorcanino.com\/webdelperro\/wp-json\/wp\/v2\/media?parent=10023"}],"wp:term":[{"taxonomy":"post_tag","embeddable":true,"href":"https:\/\/www.adiestradorcanino.com\/webdelperro\/wp-json\/wp\/v2\/tags?post=10023"}],"curies":[{"name":"wp","href":"https:\/\/api.w.org\/{rel}","templated":true}]}}