{"id":10002,"date":"2025-07-09T07:44:46","date_gmt":"2025-07-09T07:44:46","guid":{"rendered":"https:\/\/www.adiestradorcanino.com\/webdelperro\/asturias\/langreo\/adiestramiento-canino-escuela-de-adiestramiento-victor-cuesta-en-langreo-asturias\/"},"modified":"2025-07-09T07:44:46","modified_gmt":"2025-07-09T07:44:46","slug":"adiestramiento-canino-escuela-de-adiestramiento-victor-cuesta-en-langreo-asturias","status":"publish","type":"page","link":"https:\/\/www.adiestradorcanino.com\/webdelperro\/asturias\/langreo\/adiestramiento-canino-escuela-de-adiestramiento-victor-cuesta-en-langreo-asturias\/","title":{"rendered":"Adiestramiento canino Escuela De Adiestramiento Victor Cuesta en Langreo, Asturias"},"content":{"rendered":"\n<p>Si buscas en la b\u00fasqueda un sitio confiable id\u00f3neo para el adiestramiento canino en el \u00e1rea de Langreo,  Escuela De Adiestramiento Victor Cuesta es una excelente opci\u00f3n. Nuestra instalaci\u00f3n se dedica en el manejo de perros de cualquier edad y raza, usando con amigables adem\u00e1s de \u00fatiles.<\/p>\n\n\n\n<h2 class=\"wp-block-heading has-text-align-left nombreclinica\">Escuela De Adiestramiento Victor Cuesta<\/h2>\n\n\n\n<div class=\"wp-block-group is-layout-constrained wp-block-group-is-layout-constrained\">\n<div class=\"wp-block-columns nc-clase-ficha is-layout-flex wp-container-core-columns-is-layout-9d6595d7 wp-block-columns-is-layout-flex\">\n<div class=\"wp-block-column is-vertically-aligned-center is-layout-flow wp-block-column-is-layout-flow\">\n\n\n<p>Entre los tratamientos m\u00e1s demandados est\u00e1n la obediencia b\u00e1sica, la correcci\u00f3n de conductas no deseadas, la interacci\u00f3n con otros animales y las clases espec\u00edficas para cachorros. Adem\u00e1s, en el centro se adaptan a las necesidades espec\u00edficas de cada hogar y su animal.<\/p>\n<\/div>\n\n\n\n<div class=\"wp-block-column is-vertically-aligned-center is-layout-flow wp-block-column-is-layout-flow\">\n<div class=\"su-service\"><div class=\"su-service-title\" style=\"padding-left:46px;min-height:32px;line-height:32px\"><i class=\"sui sui-user\" style=\"font-size:32px;color:#2471a3\"><\/i> <strong>Nombre<\/strong><\/div><div class=\"su-service-content su-u-clearfix su-u-trim\" style=\"padding-left:46px\">Escuela De Adiestramiento Victor Cuesta<\/div><\/div>\n\n\n\n<div class=\"su-service\"><div class=\"su-service-title\" style=\"padding-left:46px;min-height:32px;line-height:32px\"><i class=\"sui sui-map-marker\" style=\"font-size:32px;color:#2471a3\"><\/i> <strong>Direcci\u00f3n<\/strong><\/div><div class=\"su-service-content su-u-clearfix su-u-trim\" style=\"padding-left:46px\">Pe\u00f1arrubia Alta, Ria\u00f1u, 33920 Langreo, Asturias<\/div><\/div>\n\n\n\n<div class=\"su-service\"><div class=\"su-service-title\" style=\"padding-left:46px;min-height:32px;line-height:32px\"><i class=\"sui sui-volume-control-phone\" style=\"font-size:32px;color:#2471a3\"><\/i> <strong>Tel\u00e9fono<\/strong><\/div><div class=\"su-service-content su-u-clearfix su-u-trim\" style=\"padding-left:46px\">679 16 30 00<\/div><\/div>\n\n\n\n<div class=\"su-service\"><div class=\"su-service-title\" style=\"padding-left:46px;min-height:32px;line-height:32px\"><i class=\"sui sui-globe\" style=\"font-size:32px;color:#2471a3\"><\/i> <strong>Sitio web<\/strong><\/div><div class=\"su-service-content su-u-clearfix su-u-trim\" style=\"padding-left:46px\">http:\/\/escuelavictorcuesta.com\/<\/div><\/div>\n\n\n\n<div class=\"su-service\"><div class=\"su-service-title\" style=\"padding-left:46px;min-height:32px;line-height:32px\"><i class=\"sui sui-star\" style=\"font-size:32px;color:#2471a3\"><\/i> Valoraci\u00f3n de los clientes<\/div><div class=\"su-service-content su-u-clearfix su-u-trim\" style=\"padding-left:46px\">5 \/ 5 (1)<\/div><\/div>\n<\/div>\n<\/div>\n<\/div>\n\n\n\n<div class=\"wp-block-columns is-layout-flex wp-container-core-columns-is-layout-9d6595d7 wp-block-columns-is-layout-flex\">\n<div class=\"wp-block-column mapa2 is-layout-flow wp-block-column-is-layout-flow\">\n<h2 class=\"wp-block-heading\">Ubicaci\u00f3n de Escuela De Adiestramiento Victor Cuesta<\/h2>\n\n\n\n<div class=\"su-gmap su-u-responsive-media-yes mapa\"><iframe loading=\"lazy\" width=\"600\" height=\"280\" src=\"\/\/maps.google.com\/maps?q=Escuela%20De%20Adiestramiento%20Victor%20Cuesta%2C%20Pe%C3%B1arrubia%20Alta%2C%20Ria%C3%B1u%2C%2033920%20Langreo%2C%20Asturias&amp;output=embed&amp;z=20\" title=\"\"><\/iframe><\/div>\n\n\n\n<h2 class=\"wp-block-heading\">Horarios de Escuela De Adiestramiento Victor Cuesta<\/h2>\n\n\n\n<figure class=\"wp-block-table\"><table><tbody><tr><td><strong>Lunes<\/strong><\/td><td><\/td><\/tr><tr><td><strong>Martes<\/strong><\/td><td><\/td><\/tr><tr><td><strong>Mi\u00e9rcoles<\/strong><\/td><td><\/td><\/tr><tr><td><strong>Jueves<\/strong><\/td><td><\/td><\/tr><tr><td><strong>Viernes<\/strong><\/td><td><\/td><\/tr><tr><td><strong>S\u00e1bado<\/strong><\/td><td><\/td><\/tr><tr><td><strong>Domingo<\/strong><\/td><td><\/td><\/tr><\/tbody><\/table><\/figure>\n\n\n\n<h2 class=\"wp-block-heading\">Tel\u00e9fono de Escuela De Adiestramiento Victor Cuesta<\/h2>\n\n\n\n<p>Si quieres comunicarte con <strong>Escuela De Adiestramiento Victor Cuesta<\/strong>, puedes hacerlo directamente llamando al siguiente n\u00famero:<\/p>\n\n\n\n<div class=\"wp-block-buttons is-content-justification-center is-layout-flex wp-container-core-buttons-is-layout-16018d1d wp-block-buttons-is-layout-flex\">\n<div class=\"wp-block-button is-style-fill\"><a class=\"wp-block-button__link has-background has-medium-font-size has-custom-font-size wp-element-button\" href=\"tel:679 16 30 00\" style=\"border-radius:6px;background-color:#2471a3\">Llamar ahora<\/a><\/div>\n<\/div>\n\n\n\n<h2 class=\"wp-block-heading\">M\u00e1s informaci\u00f3n<\/h2>\n\n\n\n<p>La Escuela De Adiestramiento Victor Cuesta, situada en Pe\u00f1arrubia Alta, Ria\u00f1u, 33920 Langreo, Asturias, se destaca como una de las mejores opciones para el adiestramiento canino en Langreo. Ofrecemos una amplia gama de servicios que incluyen obediencia b\u00e1sica y avanzada, socializaci\u00f3n de cachorros y modificaci\u00f3n de conducta, adaptando nuestras t\u00e9cnicas a las necesidades espec\u00edficas de cada perro. Nuestro equipo de adiestradores de perros en Asturias cuenta con una s\u00f3lida formaci\u00f3n y experiencia, lo que nos permite garantizar un enfoque personalizado y efectivo en cada sesi\u00f3n. En nuestra escuela, no solo buscamos adiestrar perros, sino tambi\u00e9n fortalecer el v\u00ednculo entre el animal y su due\u00f1o, lo que nos diferencia de otros centros. Si buscas un adiestramiento canino de calidad en Langreo, en la Escuela De Adiestramiento Victor Cuesta encontrar\u00e1s la soluci\u00f3n ideal para educar a tu mascota de manera profesional y cercana.<\/p>\n\n\n\n<p>Situado en Pe\u00f1arrubia Alta, Ria\u00f1u, 33920 Langreo, Asturias, este centro de adiestramiento canino en Langreo ha sido famoso por su trato afectuoso, expertise y resultados evidentes. Consulta las opiniones de otros usuarios para descubrir su opini\u00f3n.<\/p>\n<\/div>\n<\/div>\n\n\n\n<p><\/p>\n\n\n\n<p>Si necesitas conocer otros (PONER NEGOCIO, ej: asesor\u00eda legal, decoraci\u00f3n de eventos, instalaciones el\u00e9ctricas) puedes <strong><a href=\"\/\">visitar nuestra p\u00e1gina principal<\/a><\/strong>.<\/p>\n","protected":false},"excerpt":{"rendered":"<p>Si buscas en la b\u00fasqueda un sitio confiable id\u00f3neo para el adiestramiento canino en el \u00e1rea de Langreo, Escuela De Adiestramiento Victor Cuesta es una excelente opci\u00f3n. Nuestra instalaci\u00f3n se dedica en el manejo de perros de cualquier edad y raza, usando con amigables adem\u00e1s de \u00fatiles. Escuela De Adiestramiento Victor Cuesta Entre los tratamientos [&hellip;]<\/p>\n","protected":false},"author":2,"featured_media":0,"parent":7808,"menu_order":0,"comment_status":"closed","ping_status":"closed","template":"","meta":{"_et_pb_use_builder":"","_et_pb_old_content":"","_et_gb_content_width":"","footnotes":""},"tags":[1059],"class_list":["post-10002","page","type-page","status-publish","hentry","tag-langreo"],"_links":{"self":[{"href":"https:\/\/www.adiestradorcanino.com\/webdelperro\/wp-json\/wp\/v2\/pages\/10002","targetHints":{"allow":["GET"]}}],"collection":[{"href":"https:\/\/www.adiestradorcanino.com\/webdelperro\/wp-json\/wp\/v2\/pages"}],"about":[{"href":"https:\/\/www.adiestradorcanino.com\/webdelperro\/wp-json\/wp\/v2\/types\/page"}],"author":[{"embeddable":true,"href":"https:\/\/www.adiestradorcanino.com\/webdelperro\/wp-json\/wp\/v2\/users\/2"}],"replies":[{"embeddable":true,"href":"https:\/\/www.adiestradorcanino.com\/webdelperro\/wp-json\/wp\/v2\/comments?post=10002"}],"version-history":[{"count":0,"href":"https:\/\/www.adiestradorcanino.com\/webdelperro\/wp-json\/wp\/v2\/pages\/10002\/revisions"}],"up":[{"embeddable":true,"href":"https:\/\/www.adiestradorcanino.com\/webdelperro\/wp-json\/wp\/v2\/pages\/7808"}],"wp:attachment":[{"href":"https:\/\/www.adiestradorcanino.com\/webdelperro\/wp-json\/wp\/v2\/media?parent=10002"}],"wp:term":[{"taxonomy":"post_tag","embeddable":true,"href":"https:\/\/www.adiestradorcanino.com\/webdelperro\/wp-json\/wp\/v2\/tags?post=10002"}],"curies":[{"name":"wp","href":"https:\/\/api.w.org\/{rel}","templated":true}]}}