{"id":10001,"date":"2025-07-09T07:44:40","date_gmt":"2025-07-09T07:44:40","guid":{"rendered":"https:\/\/www.adiestradorcanino.com\/webdelperro\/asturias\/cangas-de-onis\/adiestramiento-canino-carcedog-escuela-de-adiestramiento-en-cangas-de-onis-asturias-2\/"},"modified":"2025-07-09T07:44:40","modified_gmt":"2025-07-09T07:44:40","slug":"adiestramiento-canino-carcedog-escuela-de-adiestramiento-en-cangas-de-onis-asturias-2","status":"publish","type":"page","link":"https:\/\/www.adiestradorcanino.com\/webdelperro\/asturias\/cangas-de-onis\/adiestramiento-canino-carcedog-escuela-de-adiestramiento-en-cangas-de-onis-asturias-2\/","title":{"rendered":"Adiestramiento canino Carcedog, Escuela De Adiestramiento en Cangas De On\u00eds, Asturias"},"content":{"rendered":"\n<p>Si est\u00e1s buscando un sitio seguro id\u00f3neo para entrenamiento canino dentro de Cangas De On\u00eds,  Carcedog, Escuela De Adiestramiento se presenta como una excelente opci\u00f3n. Este lugar se especializa con perros sin importar la raza o edad, siempre utilizando t\u00e9cnicas amigables y \u00fatiles.<\/p>\n\n\n\n<h2 class=\"wp-block-heading has-text-align-left nombreclinica\">Carcedog, Escuela De Adiestramiento<\/h2>\n\n\n\n<div class=\"wp-block-group is-layout-constrained wp-block-group-is-layout-constrained\">\n<div class=\"wp-block-columns nc-clase-ficha is-layout-flex wp-container-core-columns-is-layout-9d6595d7 wp-block-columns-is-layout-flex\">\n<div class=\"wp-block-column is-vertically-aligned-center is-layout-flow wp-block-column-is-layout-flow\">\n<figure class=\"wp-block-image size-full\"><img decoding=\"async\" src=\"https:\/\/www.adiestradorcanino.com\/webdelperro\/wp-content\/uploads\/2025\/07\/Carcedog-Escuela-De-Adiestramiento-1.png\" alt=\"Carcedog, Escuela De Adiestramiento\" class=\"wp-image-19766\"\/><\/figure>\n\n\n\n<p>Entre los servicios m\u00e1s demandados est\u00e1n la obediencia b\u00e1sica, la correcci\u00f3n de conductas no deseadas, la socializaci\u00f3n con otros animales y las sesiones especiales para cachorros. Asimismo, en el centro nos adaptamos a las particularidades de cada hogar y su animal.<\/p>\n<\/div>\n\n\n\n<div class=\"wp-block-column is-vertically-aligned-center is-layout-flow wp-block-column-is-layout-flow\">\n<div class=\"su-service\"><div class=\"su-service-title\" style=\"padding-left:46px;min-height:32px;line-height:32px\"><i class=\"sui sui-user\" style=\"font-size:32px;color:#2471a3\"><\/i> <strong>Nombre<\/strong><\/div><div class=\"su-service-content su-u-clearfix su-u-trim\" style=\"padding-left:46px\">Carcedog, Escuela De Adiestramiento<\/div><\/div>\n\n\n\n<div class=\"su-service\"><div class=\"su-service-title\" style=\"padding-left:46px;min-height:32px;line-height:32px\"><i class=\"sui sui-map-marker\" style=\"font-size:32px;color:#2471a3\"><\/i> <strong>Direcci\u00f3n<\/strong><\/div><div class=\"su-service-content su-u-clearfix su-u-trim\" style=\"padding-left:46px\">CO-1, 33559 Cangas de On\u00eds, Asturias<\/div><\/div>\n\n\n\n<div class=\"su-service\"><div class=\"su-service-title\" style=\"padding-left:46px;min-height:32px;line-height:32px\"><i class=\"sui sui-volume-control-phone\" style=\"font-size:32px;color:#2471a3\"><\/i> <strong>Tel\u00e9fono<\/strong><\/div><div class=\"su-service-content su-u-clearfix su-u-trim\" style=\"padding-left:46px\">671 18 28 53<\/div><\/div>\n\n\n\n<div class=\"su-service\"><div class=\"su-service-title\" style=\"padding-left:46px;min-height:32px;line-height:32px\"><i class=\"sui sui-globe\" style=\"font-size:32px;color:#2471a3\"><\/i> <strong>Sitio web<\/strong><\/div><div class=\"su-service-content su-u-clearfix su-u-trim\" style=\"padding-left:46px\">https:\/\/www.facebook.com\/carcedog\/<\/div><\/div>\n\n\n\n<div class=\"su-service\"><div class=\"su-service-title\" style=\"padding-left:46px;min-height:32px;line-height:32px\"><i class=\"sui sui-star\" style=\"font-size:32px;color:#2471a3\"><\/i> Valoraci\u00f3n de los clientes<\/div><div class=\"su-service-content su-u-clearfix su-u-trim\" style=\"padding-left:46px\"> \/ 5 (0)<\/div><\/div>\n<\/div>\n<\/div>\n<\/div>\n\n\n\n<div class=\"wp-block-columns is-layout-flex wp-container-core-columns-is-layout-9d6595d7 wp-block-columns-is-layout-flex\">\n<div class=\"wp-block-column mapa2 is-layout-flow wp-block-column-is-layout-flow\">\n<h2 class=\"wp-block-heading\">Ubicaci\u00f3n de Carcedog, Escuela De Adiestramiento<\/h2>\n\n\n\n<div class=\"su-gmap su-u-responsive-media-yes mapa\"><iframe loading=\"lazy\" width=\"600\" height=\"280\" src=\"\/\/maps.google.com\/maps?q=Carcedog%2C%20Escuela%20De%20Adiestramiento%2C%20CO-1%2C%2033559%20Cangas%20de%20On%C3%ADs%2C%20Asturias&amp;output=embed&amp;z=20\" title=\"\"><\/iframe><\/div>\n\n\n\n<h2 class=\"wp-block-heading\">Horarios de Carcedog, Escuela De Adiestramiento<\/h2>\n\n\n\n<figure class=\"wp-block-table\"><table><tbody><tr><td><strong>Lunes<\/strong><\/td><td>lunes: 9:00\u201319:00<\/td><\/tr><tr><td><strong>Martes<\/strong><\/td><td>martes: 9:00\u201319:00<\/td><\/tr><tr><td><strong>Mi\u00e9rcoles<\/strong><\/td><td>mi\u00e9rcoles: 9:00\u201319:00<\/td><\/tr><tr><td><strong>Jueves<\/strong><\/td><td>jueves: 9:00\u201319:00<\/td><\/tr><tr><td><strong>Viernes<\/strong><\/td><td>viernes: 9:00\u201319:00<\/td><\/tr><tr><td><strong>S\u00e1bado<\/strong><\/td><td>s\u00e1bado: Cerrado<\/td><\/tr><tr><td><strong>Domingo<\/strong><\/td><td>domingo: Cerrado<\/td><\/tr><\/tbody><\/table><\/figure>\n\n\n\n<h2 class=\"wp-block-heading\">Tel\u00e9fono de Carcedog, Escuela De Adiestramiento<\/h2>\n\n\n\n<p>Si quieres comunicarte con <strong>Carcedog, Escuela De Adiestramiento<\/strong>, puedes hacerlo directamente llamando al siguiente n\u00famero:<\/p>\n\n\n\n<div class=\"wp-block-buttons is-content-justification-center is-layout-flex wp-container-core-buttons-is-layout-16018d1d wp-block-buttons-is-layout-flex\">\n<div class=\"wp-block-button is-style-fill\"><a class=\"wp-block-button__link has-background has-medium-font-size has-custom-font-size wp-element-button\" href=\"tel:671 18 28 53\" style=\"border-radius:6px;background-color:#2471a3\">Llamar ahora<\/a><\/div>\n<\/div>\n\n\n\n<h2 class=\"wp-block-heading\">M\u00e1s informaci\u00f3n<\/h2>\n\n\n\n<p>En Carcedog, Escuela de Adiestramiento Canino en Cangas de On\u00eds, Asturias, nos especializamos en ofrecer un enfoque integral para adiestrar perros, combinando t\u00e9cnicas de obediencia, socializaci\u00f3n y modificaci\u00f3n de conducta. Ubicados en CO-1, 33559 Cangas de On\u00eds, nuestros adiestradores de perros en Asturias cuentan con una amplia experiencia y utilizan m\u00e9todos positivos que garantizan una educaci\u00f3n positiva y respetuosa. Nos destacamos por personalizar cada programa de adiestramiento, adapt\u00e1ndonos a las necesidades espec\u00edficas de cada perro y su due\u00f1o, lo que nos convierte en la opci\u00f3n ideal para quienes buscan un servicio de calidad en adiestramiento canino en Cangas de On\u00eds. En Carcedog, transformamos el v\u00ednculo entre t\u00fa y tu mascota, asegurando que cada sesi\u00f3n sea una experiencia enriquecedora y divertida.<\/p>\n\n\n\n<p>Ubicado en CO-1, 33559 Cangas de On\u00eds, Asturias, este centro de adiestramiento canino en Cangas De On\u00eds se considera famoso por su trato cercano, expertise y resultados evidentes. Consulta las rese\u00f1as de otros due\u00f1os de mascotas para conocer su opini\u00f3n.<\/p>\n<\/div>\n<\/div>\n\n\n\n<p><\/p>\n\n\n\n<p>Si necesitas conocer otros (PONER NEGOCIO, ej: asesor\u00eda legal, decoraci\u00f3n de eventos, instalaciones el\u00e9ctricas) puedes <strong><a href=\"\/\">visitar nuestra p\u00e1gina principal<\/a><\/strong>.<\/p>\n","protected":false},"excerpt":{"rendered":"<p>Si est\u00e1s buscando un sitio seguro id\u00f3neo para entrenamiento canino dentro de Cangas De On\u00eds, Carcedog, Escuela De Adiestramiento se presenta como una excelente opci\u00f3n. Este lugar se especializa con perros sin importar la raza o edad, siempre utilizando t\u00e9cnicas amigables y \u00fatiles. Carcedog, Escuela De Adiestramiento Entre los servicios m\u00e1s demandados est\u00e1n la obediencia [&hellip;]<\/p>\n","protected":false},"author":2,"featured_media":0,"parent":7805,"menu_order":0,"comment_status":"closed","ping_status":"closed","template":"","meta":{"_et_pb_use_builder":"","_et_pb_old_content":"","_et_gb_content_width":"","footnotes":""},"tags":[1058],"class_list":["post-10001","page","type-page","status-publish","hentry","tag-cangas-de-onis"],"_links":{"self":[{"href":"https:\/\/www.adiestradorcanino.com\/webdelperro\/wp-json\/wp\/v2\/pages\/10001","targetHints":{"allow":["GET"]}}],"collection":[{"href":"https:\/\/www.adiestradorcanino.com\/webdelperro\/wp-json\/wp\/v2\/pages"}],"about":[{"href":"https:\/\/www.adiestradorcanino.com\/webdelperro\/wp-json\/wp\/v2\/types\/page"}],"author":[{"embeddable":true,"href":"https:\/\/www.adiestradorcanino.com\/webdelperro\/wp-json\/wp\/v2\/users\/2"}],"replies":[{"embeddable":true,"href":"https:\/\/www.adiestradorcanino.com\/webdelperro\/wp-json\/wp\/v2\/comments?post=10001"}],"version-history":[{"count":0,"href":"https:\/\/www.adiestradorcanino.com\/webdelperro\/wp-json\/wp\/v2\/pages\/10001\/revisions"}],"up":[{"embeddable":true,"href":"https:\/\/www.adiestradorcanino.com\/webdelperro\/wp-json\/wp\/v2\/pages\/7805"}],"wp:attachment":[{"href":"https:\/\/www.adiestradorcanino.com\/webdelperro\/wp-json\/wp\/v2\/media?parent=10001"}],"wp:term":[{"taxonomy":"post_tag","embeddable":true,"href":"https:\/\/www.adiestradorcanino.com\/webdelperro\/wp-json\/wp\/v2\/tags?post=10001"}],"curies":[{"name":"wp","href":"https:\/\/api.w.org\/{rel}","templated":true}]}}