{"id":10000,"date":"2025-07-09T07:44:35","date_gmt":"2025-07-09T07:44:35","guid":{"rendered":"https:\/\/www.adiestradorcanino.com\/webdelperro\/asturias\/cangas-de-onis\/adiestramiento-canino-carcedog-escuela-de-adiestramiento-en-cangas-de-onis-asturias\/"},"modified":"2025-07-09T07:44:35","modified_gmt":"2025-07-09T07:44:35","slug":"adiestramiento-canino-carcedog-escuela-de-adiestramiento-en-cangas-de-onis-asturias","status":"publish","type":"page","link":"https:\/\/www.adiestradorcanino.com\/webdelperro\/asturias\/cangas-de-onis\/adiestramiento-canino-carcedog-escuela-de-adiestramiento-en-cangas-de-onis-asturias\/","title":{"rendered":"Adiestramiento canino Carcedog Escuela De Adiestramiento en Cangas De On\u00eds, Asturias"},"content":{"rendered":"\n<p>En caso de que est\u00e1s buscando un espacio seguro para entrenamiento canino en Cangas De On\u00eds, este centro es una excelente opci\u00f3n. Nuestra instalaci\u00f3n se especializa con mascotas de todas las edades y razas, siempre t\u00e9cnicas respetuosos adem\u00e1s de \u00fatiles.<\/p>\n\n\n\n<h2 class=\"wp-block-heading has-text-align-left nombreclinica\">Carcedog Escuela De Adiestramiento<\/h2>\n\n\n\n<div class=\"wp-block-group is-layout-constrained wp-block-group-is-layout-constrained\">\n<div class=\"wp-block-columns nc-clase-ficha is-layout-flex wp-container-core-columns-is-layout-9d6595d7 wp-block-columns-is-layout-flex\">\n<div class=\"wp-block-column is-vertically-aligned-center is-layout-flow wp-block-column-is-layout-flow\">\n<figure class=\"wp-block-image size-full\"><img decoding=\"async\" src=\"https:\/\/www.adiestradorcanino.com\/webdelperro\/wp-content\/uploads\/2025\/07\/Carcedog-Escuela-De-Adiestramiento.png\" alt=\"Carcedog Escuela De Adiestramiento\" class=\"wp-image-19766\"\/><\/figure>\n\n\n\n<p>Entre nuestros tratamientos m\u00e1s demandados est\u00e1n los cursos de obediencia b\u00e1sica, la correcci\u00f3n de conductas inapropiadas, la socializaci\u00f3n con otros perros y las sesiones especiales para cachorros. Adem\u00e1s, en el centro nos adaptamos a las particularidades de cada familia y animal.<\/p>\n<\/div>\n\n\n\n<div class=\"wp-block-column is-vertically-aligned-center is-layout-flow wp-block-column-is-layout-flow\">\n<div class=\"su-service\"><div class=\"su-service-title\" style=\"padding-left:46px;min-height:32px;line-height:32px\"><i class=\"sui sui-user\" style=\"font-size:32px;color:#2471a3\"><\/i> <strong>Nombre<\/strong><\/div><div class=\"su-service-content su-u-clearfix su-u-trim\" style=\"padding-left:46px\">Carcedog Escuela De Adiestramiento<\/div><\/div>\n\n\n\n<div class=\"su-service\"><div class=\"su-service-title\" style=\"padding-left:46px;min-height:32px;line-height:32px\"><i class=\"sui sui-map-marker\" style=\"font-size:32px;color:#2471a3\"><\/i> <strong>Direcci\u00f3n<\/strong><\/div><div class=\"su-service-content su-u-clearfix su-u-trim\" style=\"padding-left:46px\">Carcedog Escuela de Adiestramiento, Triongo 12, 33547 Cangas de On\u00eds, Asturias<\/div><\/div>\n\n\n\n<div class=\"su-service\"><div class=\"su-service-title\" style=\"padding-left:46px;min-height:32px;line-height:32px\"><i class=\"sui sui-volume-control-phone\" style=\"font-size:32px;color:#2471a3\"><\/i> <strong>Tel\u00e9fono<\/strong><\/div><div class=\"su-service-content su-u-clearfix su-u-trim\" style=\"padding-left:46px\">671 18 28 53<\/div><\/div>\n\n\n\n<div class=\"su-service\"><div class=\"su-service-title\" style=\"padding-left:46px;min-height:32px;line-height:32px\"><i class=\"sui sui-globe\" style=\"font-size:32px;color:#2471a3\"><\/i> <strong>Sitio web<\/strong><\/div><div class=\"su-service-content su-u-clearfix su-u-trim\" style=\"padding-left:46px\"><\/div><\/div>\n\n\n\n<div class=\"su-service\"><div class=\"su-service-title\" style=\"padding-left:46px;min-height:32px;line-height:32px\"><i class=\"sui sui-star\" style=\"font-size:32px;color:#2471a3\"><\/i> Valoraci\u00f3n de los clientes<\/div><div class=\"su-service-content su-u-clearfix su-u-trim\" style=\"padding-left:46px\">4.7 \/ 5 (14)<\/div><\/div>\n<\/div>\n<\/div>\n<\/div>\n\n\n\n<div class=\"wp-block-columns is-layout-flex wp-container-core-columns-is-layout-9d6595d7 wp-block-columns-is-layout-flex\">\n<div class=\"wp-block-column mapa2 is-layout-flow wp-block-column-is-layout-flow\">\n<h2 class=\"wp-block-heading\">Ubicaci\u00f3n de Carcedog Escuela De Adiestramiento<\/h2>\n\n\n\n<div class=\"su-gmap su-u-responsive-media-yes mapa\"><iframe loading=\"lazy\" width=\"600\" height=\"280\" src=\"\/\/maps.google.com\/maps?q=Carcedog%20Escuela%20De%20Adiestramiento%2C%20Carcedog%20Escuela%20de%20Adiestramiento%2C%20Triongo%2012%2C%2033547%20Cangas%20de%20On%C3%ADs%2C%20Asturias&amp;output=embed&amp;z=20\" title=\"\"><\/iframe><\/div>\n\n\n\n<h2 class=\"wp-block-heading\">Horarios de Carcedog Escuela De Adiestramiento<\/h2>\n\n\n\n<figure class=\"wp-block-table\"><table><tbody><tr><td><strong>Lunes<\/strong><\/td><td><\/td><\/tr><tr><td><strong>Martes<\/strong><\/td><td><\/td><\/tr><tr><td><strong>Mi\u00e9rcoles<\/strong><\/td><td><\/td><\/tr><tr><td><strong>Jueves<\/strong><\/td><td><\/td><\/tr><tr><td><strong>Viernes<\/strong><\/td><td><\/td><\/tr><tr><td><strong>S\u00e1bado<\/strong><\/td><td><\/td><\/tr><tr><td><strong>Domingo<\/strong><\/td><td><\/td><\/tr><\/tbody><\/table><\/figure>\n\n\n\n<h2 class=\"wp-block-heading\">Tel\u00e9fono de Carcedog Escuela De Adiestramiento<\/h2>\n\n\n\n<p>Si quieres comunicarte con <strong>Carcedog Escuela De Adiestramiento<\/strong>, puedes hacerlo directamente llamando al siguiente n\u00famero:<\/p>\n\n\n\n<div class=\"wp-block-buttons is-content-justification-center is-layout-flex wp-container-core-buttons-is-layout-16018d1d wp-block-buttons-is-layout-flex\">\n<div class=\"wp-block-button is-style-fill\"><a class=\"wp-block-button__link has-background has-medium-font-size has-custom-font-size wp-element-button\" href=\"tel:671 18 28 53\" style=\"border-radius:6px;background-color:#2471a3\">Llamar ahora<\/a><\/div>\n<\/div>\n\n\n\n<h2 class=\"wp-block-heading\">M\u00e1s informaci\u00f3n<\/h2>\n\n\n\n<p>Carcedog Escuela de Adiestramiento, situada en Triongo 12, 33547 Cangas de On\u00eds, Asturias, es el centro l\u00edder en adiestramiento canino en Cangas de On\u00eds, donde ofrecemos una amplia gama de servicios para educar a tu perro de manera positiva y profesional. Nuestro enfoque integral abarca la obediencia b\u00e1sica, la socializaci\u00f3n adecuada, y la modificaci\u00f3n de conducta, asegurando que cada mascota desarrolle habilidades sociales y una conducta equilibrada. Nuestros adiestradores de perros en Asturias son expertos en t\u00e9cnicas modernas y personalizadas, lo que nos permite adaptarnos a las necesidades espec\u00edficas de cada can. Lo que realmente nos diferencia de otros centros es nuestro compromiso con el bienestar y la felicidad de tu mascota, creando un ambiente amigable y de confianza que potencia el v\u00ednculo entre el perro y su due\u00f1o. Si buscas un lugar donde adiestrar perros de forma eficaz y con un enfoque humano, Carcedog es tu mejor opci\u00f3n en Asturias.<\/p>\n\n\n\n<p>Ubicado en Carcedog Escuela de Adiestramiento, Triongo 12, 33547 Cangas de On\u00eds, Asturias, este centro de adiestramiento canino en Cangas De On\u00eds ha sido reconocido por su atenci\u00f3n afectuoso, seriedad y logros evidentes. Consulta las rese\u00f1as de otros usuarios para conocer su experiencia.<\/p>\n<\/div>\n<\/div>\n\n\n\n<p><\/p>\n\n\n\n<p>Si necesitas conocer otros (PONER NEGOCIO, ej: asesor\u00eda legal, decoraci\u00f3n de eventos, instalaciones el\u00e9ctricas) puedes <strong><a href=\"\/\">visitar nuestra p\u00e1gina principal<\/a><\/strong>.<\/p>\n","protected":false},"excerpt":{"rendered":"<p>En caso de que est\u00e1s buscando un espacio seguro para entrenamiento canino en Cangas De On\u00eds, este centro es una excelente opci\u00f3n. Nuestra instalaci\u00f3n se especializa con mascotas de todas las edades y razas, siempre t\u00e9cnicas respetuosos adem\u00e1s de \u00fatiles. Carcedog Escuela De Adiestramiento Entre nuestros tratamientos m\u00e1s demandados est\u00e1n los cursos de obediencia b\u00e1sica, [&hellip;]<\/p>\n","protected":false},"author":2,"featured_media":0,"parent":7805,"menu_order":0,"comment_status":"closed","ping_status":"closed","template":"","meta":{"_et_pb_use_builder":"","_et_pb_old_content":"","_et_gb_content_width":"","footnotes":""},"tags":[1058],"class_list":["post-10000","page","type-page","status-publish","hentry","tag-cangas-de-onis"],"_links":{"self":[{"href":"https:\/\/www.adiestradorcanino.com\/webdelperro\/wp-json\/wp\/v2\/pages\/10000","targetHints":{"allow":["GET"]}}],"collection":[{"href":"https:\/\/www.adiestradorcanino.com\/webdelperro\/wp-json\/wp\/v2\/pages"}],"about":[{"href":"https:\/\/www.adiestradorcanino.com\/webdelperro\/wp-json\/wp\/v2\/types\/page"}],"author":[{"embeddable":true,"href":"https:\/\/www.adiestradorcanino.com\/webdelperro\/wp-json\/wp\/v2\/users\/2"}],"replies":[{"embeddable":true,"href":"https:\/\/www.adiestradorcanino.com\/webdelperro\/wp-json\/wp\/v2\/comments?post=10000"}],"version-history":[{"count":0,"href":"https:\/\/www.adiestradorcanino.com\/webdelperro\/wp-json\/wp\/v2\/pages\/10000\/revisions"}],"up":[{"embeddable":true,"href":"https:\/\/www.adiestradorcanino.com\/webdelperro\/wp-json\/wp\/v2\/pages\/7805"}],"wp:attachment":[{"href":"https:\/\/www.adiestradorcanino.com\/webdelperro\/wp-json\/wp\/v2\/media?parent=10000"}],"wp:term":[{"taxonomy":"post_tag","embeddable":true,"href":"https:\/\/www.adiestradorcanino.com\/webdelperro\/wp-json\/wp\/v2\/tags?post=10000"}],"curies":[{"name":"wp","href":"https:\/\/api.w.org\/{rel}","templated":true}]}}